{"id":3082,"date":"2025-12-31T09:26:17","date_gmt":"2025-12-31T08:26:17","guid":{"rendered":"https:\/\/haydee.es\/?post_type=product&#038;p=3082"},"modified":"2026-02-24T19:15:33","modified_gmt":"2026-02-24T18:15:33","slug":"pendientes-fragolita","status":"publish","type":"product","link":"https:\/\/haydee.es\/en\/product\/pendientes-fragolita\/","title":{"rendered":"FRAGOLITAS"},"content":{"rendered":"<p>Pendientes con deliciosas fresitas. La terminaci\u00f3n esta realizada en cristal del mismo color. Miden aproximadamente 6 cm de largo por 3.5 cm de ancho. Est\u00e1n dise\u00f1ados en Espa\u00f1a y realizados por artesanos sicilianos. Puede haber variaciones de tama\u00f1o y color puesto que cada pieza est\u00e1 hecha a mano y es \u00fanica.<\/p>","protected":false},"excerpt":{"rendered":"<p>Handmade ceramic earrings<\/p>","protected":false},"featured_media":3090,"comment_status":"open","ping_status":"closed","template":"","meta":{"_joinchat":[]},"product_brand":[],"product_cat":[95,90,110],"product_tag":[],"class_list":{"0":"post-3082","1":"product","2":"type-product","3":"status-publish","4":"has-post-thumbnail","6":"product_cat-pendientes","7":"product_cat-tematicas","8":"product_cat-frutta-e-verdura","10":"first","11":"instock","12":"taxable","13":"shipping-taxable","14":"purchasable","15":"product-type-simple"},"yoast_head":"<!-- This site is optimized with the Yoast SEO plugin v27.3 - https:\/\/yoast.com\/product\/yoast-seo-wordpress\/ -->\n<title>FRAGOLITAS - All Sicilian by Hayd\u00e9e | Hand Made<\/title>\n<meta name=\"robots\" content=\"index, follow, max-snippet:-1, max-image-preview:large, max-video-preview:-1\" \/>\n<link rel=\"canonical\" href=\"https:\/\/haydee.es\/en\/product\/pendientes-fragolita\/\" \/>\n<meta property=\"og:locale\" content=\"en_GB\" \/>\n<meta property=\"og:type\" content=\"article\" \/>\n<meta property=\"og:title\" content=\"FRAGOLITAS - All Sicilian by Hayd\u00e9e | Hand Made\" \/>\n<meta property=\"og:description\" content=\"Pendientes de cer\u00e1mica hechos a mano\" \/>\n<meta property=\"og:url\" content=\"https:\/\/haydee.es\/en\/product\/pendientes-fragolita\/\" \/>\n<meta property=\"og:site_name\" content=\"All Sicilian by Hayd\u00e9e | Hand Made\" \/>\n<meta property=\"article:modified_time\" content=\"2026-02-24T18:15:33+00:00\" \/>\n<meta property=\"og:image\" content=\"https:\/\/haydee.es\/wp-content\/uploads\/2025\/12\/1767120026774-683x1024.png\" \/>\n\t<meta property=\"og:image:width\" content=\"683\" \/>\n\t<meta property=\"og:image:height\" content=\"1024\" \/>\n\t<meta property=\"og:image:type\" content=\"image\/png\" \/>\n<meta name=\"twitter:card\" content=\"summary_large_image\" \/>\n<meta name=\"twitter:label1\" content=\"Estimated reading time\" \/>\n\t<meta name=\"twitter:data1\" content=\"1 minute\" \/>\n<script type=\"application\/ld+json\" class=\"yoast-schema-graph\">{\"@context\":\"https:\\\/\\\/schema.org\",\"@graph\":[{\"@type\":\"WebPage\",\"@id\":\"https:\\\/\\\/haydee.es\\\/producto\\\/pendientes-fragolita\\\/\",\"url\":\"https:\\\/\\\/haydee.es\\\/producto\\\/pendientes-fragolita\\\/\",\"name\":\"FRAGOLITAS - All Sicilian by Hayd\u00e9e | Hand Made\",\"isPartOf\":{\"@id\":\"https:\\\/\\\/haydee.es\\\/#website\"},\"primaryImageOfPage\":{\"@id\":\"https:\\\/\\\/haydee.es\\\/producto\\\/pendientes-fragolita\\\/#primaryimage\"},\"image\":{\"@id\":\"https:\\\/\\\/haydee.es\\\/producto\\\/pendientes-fragolita\\\/#primaryimage\"},\"thumbnailUrl\":\"https:\\\/\\\/haydee.es\\\/wp-content\\\/uploads\\\/2025\\\/12\\\/pendientes-fragolitas-fresa-roja-mujer-verano-haydee.png\",\"datePublished\":\"2025-12-31T08:26:17+00:00\",\"dateModified\":\"2026-02-24T18:15:33+00:00\",\"breadcrumb\":{\"@id\":\"https:\\\/\\\/haydee.es\\\/producto\\\/pendientes-fragolita\\\/#breadcrumb\"},\"inLanguage\":\"en-GB\",\"potentialAction\":[{\"@type\":\"ReadAction\",\"target\":[\"https:\\\/\\\/haydee.es\\\/producto\\\/pendientes-fragolita\\\/\"]}]},{\"@type\":\"ImageObject\",\"inLanguage\":\"en-GB\",\"@id\":\"https:\\\/\\\/haydee.es\\\/producto\\\/pendientes-fragolita\\\/#primaryimage\",\"url\":\"https:\\\/\\\/haydee.es\\\/wp-content\\\/uploads\\\/2025\\\/12\\\/pendientes-fragolitas-fresa-roja-mujer-verano-haydee.png\",\"contentUrl\":\"https:\\\/\\\/haydee.es\\\/wp-content\\\/uploads\\\/2025\\\/12\\\/pendientes-fragolitas-fresa-roja-mujer-verano-haydee.png\",\"width\":832,\"height\":1248,\"caption\":\"Pendientes de la colecci\u00f3n Fragolitas inspirados en la frescura y la dulzura de la fresa\"},{\"@type\":\"BreadcrumbList\",\"@id\":\"https:\\\/\\\/haydee.es\\\/producto\\\/pendientes-fragolita\\\/#breadcrumb\",\"itemListElement\":[{\"@type\":\"ListItem\",\"position\":1,\"name\":\"Portada\",\"item\":\"https:\\\/\\\/haydee.es\\\/\"},{\"@type\":\"ListItem\",\"position\":2,\"name\":\"Tienda\",\"item\":\"https:\\\/\\\/haydee.es\\\/tienda\\\/\"},{\"@type\":\"ListItem\",\"position\":3,\"name\":\"FRAGOLITAS\"}]},{\"@type\":\"WebSite\",\"@id\":\"https:\\\/\\\/haydee.es\\\/#website\",\"url\":\"https:\\\/\\\/haydee.es\\\/\",\"name\":\"All Sicilian by Hayd\u00e9e | Hand Made\",\"description\":\"Joyer\u00eda artesanal con piezas \u00fanicas\",\"publisher\":{\"@id\":\"https:\\\/\\\/haydee.es\\\/#organization\"},\"potentialAction\":[{\"@type\":\"SearchAction\",\"target\":{\"@type\":\"EntryPoint\",\"urlTemplate\":\"https:\\\/\\\/haydee.es\\\/?s={search_term_string}\"},\"query-input\":{\"@type\":\"PropertyValueSpecification\",\"valueRequired\":true,\"valueName\":\"search_term_string\"}}],\"inLanguage\":\"en-GB\"},{\"@type\":\"Organization\",\"@id\":\"https:\\\/\\\/haydee.es\\\/#organization\",\"name\":\"All Sicilian by Hayd\u00e9e | Hand Made\",\"url\":\"https:\\\/\\\/haydee.es\\\/\",\"logo\":{\"@type\":\"ImageObject\",\"inLanguage\":\"en-GB\",\"@id\":\"https:\\\/\\\/haydee.es\\\/#\\\/schema\\\/logo\\\/image\\\/\",\"url\":\"https:\\\/\\\/haydee.es\\\/wp-content\\\/uploads\\\/2025\\\/07\\\/logo-de-all-sicilian-hand-made-haydee.jpeg\",\"contentUrl\":\"https:\\\/\\\/haydee.es\\\/wp-content\\\/uploads\\\/2025\\\/07\\\/logo-de-all-sicilian-hand-made-haydee.jpeg\",\"width\":1440,\"height\":840,\"caption\":\"All Sicilian by Hayd\u00e9e | Hand Made\"},\"image\":{\"@id\":\"https:\\\/\\\/haydee.es\\\/#\\\/schema\\\/logo\\\/image\\\/\"}}]}<\/script>\n<!-- \/ Yoast SEO plugin. -->","yoast_head_json":{"title":"FRAGOLITAS - All Sicilian by Hayd\u00e9e | Hand Made","robots":{"index":"index","follow":"follow","max-snippet":"max-snippet:-1","max-image-preview":"max-image-preview:large","max-video-preview":"max-video-preview:-1"},"canonical":"https:\/\/haydee.es\/en\/product\/pendientes-fragolita\/","og_locale":"en_GB","og_type":"article","og_title":"FRAGOLITAS - All Sicilian by Hayd\u00e9e | Hand Made","og_description":"Pendientes de cer\u00e1mica hechos a mano","og_url":"https:\/\/haydee.es\/en\/product\/pendientes-fragolita\/","og_site_name":"All Sicilian by Hayd\u00e9e | Hand Made","article_modified_time":"2026-02-24T18:15:33+00:00","og_image":[{"width":683,"height":1024,"url":"https:\/\/haydee.es\/wp-content\/uploads\/2025\/12\/1767120026774-683x1024.png","type":"image\/png"}],"twitter_card":"summary_large_image","twitter_misc":{"Estimated reading time":"1 minute"},"schema":{"@context":"https:\/\/schema.org","@graph":[{"@type":"WebPage","@id":"https:\/\/haydee.es\/producto\/pendientes-fragolita\/","url":"https:\/\/haydee.es\/producto\/pendientes-fragolita\/","name":"FRAGOLITAS - All Sicilian by Hayd\u00e9e | Hand Made","isPartOf":{"@id":"https:\/\/haydee.es\/#website"},"primaryImageOfPage":{"@id":"https:\/\/haydee.es\/producto\/pendientes-fragolita\/#primaryimage"},"image":{"@id":"https:\/\/haydee.es\/producto\/pendientes-fragolita\/#primaryimage"},"thumbnailUrl":"https:\/\/haydee.es\/wp-content\/uploads\/2025\/12\/pendientes-fragolitas-fresa-roja-mujer-verano-haydee.png","datePublished":"2025-12-31T08:26:17+00:00","dateModified":"2026-02-24T18:15:33+00:00","breadcrumb":{"@id":"https:\/\/haydee.es\/producto\/pendientes-fragolita\/#breadcrumb"},"inLanguage":"en-GB","potentialAction":[{"@type":"ReadAction","target":["https:\/\/haydee.es\/producto\/pendientes-fragolita\/"]}]},{"@type":"ImageObject","inLanguage":"en-GB","@id":"https:\/\/haydee.es\/producto\/pendientes-fragolita\/#primaryimage","url":"https:\/\/haydee.es\/wp-content\/uploads\/2025\/12\/pendientes-fragolitas-fresa-roja-mujer-verano-haydee.png","contentUrl":"https:\/\/haydee.es\/wp-content\/uploads\/2025\/12\/pendientes-fragolitas-fresa-roja-mujer-verano-haydee.png","width":832,"height":1248,"caption":"Pendientes de la colecci\u00f3n Fragolitas inspirados en la frescura y la dulzura de la fresa"},{"@type":"BreadcrumbList","@id":"https:\/\/haydee.es\/producto\/pendientes-fragolita\/#breadcrumb","itemListElement":[{"@type":"ListItem","position":1,"name":"Portada","item":"https:\/\/haydee.es\/"},{"@type":"ListItem","position":2,"name":"Tienda","item":"https:\/\/haydee.es\/tienda\/"},{"@type":"ListItem","position":3,"name":"FRAGOLITAS"}]},{"@type":"WebSite","@id":"https:\/\/haydee.es\/#website","url":"https:\/\/haydee.es\/","name":"All Sicilian by Hayd\u00e9e | Hand Made","description":"Joyer\u00eda artesanal con piezas \u00fanicas","publisher":{"@id":"https:\/\/haydee.es\/#organization"},"potentialAction":[{"@type":"SearchAction","target":{"@type":"EntryPoint","urlTemplate":"https:\/\/haydee.es\/?s={search_term_string}"},"query-input":{"@type":"PropertyValueSpecification","valueRequired":true,"valueName":"search_term_string"}}],"inLanguage":"en-GB"},{"@type":"Organization","@id":"https:\/\/haydee.es\/#organization","name":"All Sicilian by Hayd\u00e9e | Hand Made","url":"https:\/\/haydee.es\/","logo":{"@type":"ImageObject","inLanguage":"en-GB","@id":"https:\/\/haydee.es\/#\/schema\/logo\/image\/","url":"https:\/\/haydee.es\/wp-content\/uploads\/2025\/07\/logo-de-all-sicilian-hand-made-haydee.jpeg","contentUrl":"https:\/\/haydee.es\/wp-content\/uploads\/2025\/07\/logo-de-all-sicilian-hand-made-haydee.jpeg","width":1440,"height":840,"caption":"All Sicilian by Hayd\u00e9e | Hand Made"},"image":{"@id":"https:\/\/haydee.es\/#\/schema\/logo\/image\/"}}]}},"_links":{"self":[{"href":"https:\/\/haydee.es\/en\/wp-json\/wp\/v2\/product\/3082","targetHints":{"allow":["GET"]}}],"collection":[{"href":"https:\/\/haydee.es\/en\/wp-json\/wp\/v2\/product"}],"about":[{"href":"https:\/\/haydee.es\/en\/wp-json\/wp\/v2\/types\/product"}],"replies":[{"embeddable":true,"href":"https:\/\/haydee.es\/en\/wp-json\/wp\/v2\/comments?post=3082"}],"wp:featuredmedia":[{"embeddable":true,"href":"https:\/\/haydee.es\/en\/wp-json\/wp\/v2\/media\/3090"}],"wp:attachment":[{"href":"https:\/\/haydee.es\/en\/wp-json\/wp\/v2\/media?parent=3082"}],"wp:term":[{"taxonomy":"product_brand","embeddable":true,"href":"https:\/\/haydee.es\/en\/wp-json\/wp\/v2\/product_brand?post=3082"},{"taxonomy":"product_cat","embeddable":true,"href":"https:\/\/haydee.es\/en\/wp-json\/wp\/v2\/product_cat?post=3082"},{"taxonomy":"product_tag","embeddable":true,"href":"https:\/\/haydee.es\/en\/wp-json\/wp\/v2\/product_tag?post=3082"}],"curies":[{"name":"wp","href":"https:\/\/api.w.org\/{rel}","templated":true}]}}