{"id":2737,"date":"2025-12-26T19:28:09","date_gmt":"2025-12-26T18:28:09","guid":{"rendered":"https:\/\/haydee.es\/?post_type=product&#038;p=2737"},"modified":"2026-03-06T18:57:21","modified_gmt":"2026-03-06T17:57:21","slug":"collar-pinita","status":"publish","type":"product","link":"https:\/\/haydee.es\/en\/product\/collar-pinita\/","title":{"rendered":"PI\u00d1A COLADA"},"content":{"rendered":"<p>La pi\u00f1ita\ud83c\udf4d de cer\u00e1mica italiana hand made es ideal. En este caso, lleva cadena de cristalitos en color pistacho.\u00a0 La cadena es de un metro y cuenta con cierre de acero inoxidable. Esto permite que ambas piezas puedan utilizarse juntas o por separado.<\/p>\n<p>Todas nuestras piezas han sido elaboradas en Sicilia, Caltagirone, por artesanos.<\/p>\n<p>Cada pieza es \u00fanica por lo que pueden existir variaciones de color y tama\u00f1o.<\/p>\n<p>Medida del colgante: en torno 6 cm de largo<\/p>\n<p>&nbsp;<\/p>","protected":false},"excerpt":{"rendered":"<p>Long handmade ceramic necklace<\/p>","protected":false},"featured_media":2739,"comment_status":"open","ping_status":"closed","template":"","meta":{"_joinchat":[]},"product_brand":[],"product_cat":[91,92,110],"product_tag":[],"class_list":{"0":"post-2737","1":"product","2":"type-product","3":"status-publish","4":"has-post-thumbnail","6":"product_cat-productos","7":"product_cat-collares","8":"product_cat-frutta-e-verdura","10":"first","11":"instock","12":"taxable","13":"shipping-taxable","14":"purchasable","15":"product-type-simple"},"yoast_head":"<!-- This site is optimized with the Yoast SEO plugin v27.3 - https:\/\/yoast.com\/product\/yoast-seo-wordpress\/ -->\n<title>PI\u00d1A COLADA - All Sicilian by Hayd\u00e9e | Hand Made<\/title>\n<meta name=\"robots\" content=\"index, follow, max-snippet:-1, max-image-preview:large, max-video-preview:-1\" \/>\n<link rel=\"canonical\" href=\"https:\/\/haydee.es\/en\/product\/collar-pinita\/\" \/>\n<meta property=\"og:locale\" content=\"en_GB\" \/>\n<meta property=\"og:type\" content=\"article\" \/>\n<meta property=\"og:title\" content=\"PI\u00d1A COLADA - All Sicilian by Hayd\u00e9e | Hand Made\" \/>\n<meta property=\"og:description\" content=\"Collar largo de cer\u00e1mica hecho a mano\" \/>\n<meta property=\"og:url\" content=\"https:\/\/haydee.es\/en\/product\/collar-pinita\/\" \/>\n<meta property=\"og:site_name\" content=\"All Sicilian by Hayd\u00e9e | Hand Made\" \/>\n<meta property=\"article:modified_time\" content=\"2026-03-06T17:57:21+00:00\" \/>\n<meta property=\"og:image\" content=\"https:\/\/haydee.es\/wp-content\/uploads\/2025\/12\/1766766418940-683x1024.png\" \/>\n\t<meta property=\"og:image:width\" content=\"683\" \/>\n\t<meta property=\"og:image:height\" content=\"1024\" \/>\n\t<meta property=\"og:image:type\" content=\"image\/png\" \/>\n<meta name=\"twitter:card\" content=\"summary_large_image\" \/>\n<meta name=\"twitter:label1\" content=\"Estimated reading time\" \/>\n\t<meta name=\"twitter:data1\" content=\"1 minute\" \/>\n<script type=\"application\/ld+json\" class=\"yoast-schema-graph\">{\"@context\":\"https:\\\/\\\/schema.org\",\"@graph\":[{\"@type\":\"WebPage\",\"@id\":\"https:\\\/\\\/haydee.es\\\/producto\\\/collar-pinita\\\/\",\"url\":\"https:\\\/\\\/haydee.es\\\/producto\\\/collar-pinita\\\/\",\"name\":\"PI\u00d1A COLADA - All Sicilian by Hayd\u00e9e | Hand Made\",\"isPartOf\":{\"@id\":\"https:\\\/\\\/haydee.es\\\/#website\"},\"primaryImageOfPage\":{\"@id\":\"https:\\\/\\\/haydee.es\\\/producto\\\/collar-pinita\\\/#primaryimage\"},\"image\":{\"@id\":\"https:\\\/\\\/haydee.es\\\/producto\\\/collar-pinita\\\/#primaryimage\"},\"thumbnailUrl\":\"https:\\\/\\\/haydee.es\\\/wp-content\\\/uploads\\\/2025\\\/12\\\/collar-pina-colada-colgante-pina-fruta-natural-haydee.png\",\"datePublished\":\"2025-12-26T18:28:09+00:00\",\"dateModified\":\"2026-03-06T17:57:21+00:00\",\"breadcrumb\":{\"@id\":\"https:\\\/\\\/haydee.es\\\/producto\\\/collar-pinita\\\/#breadcrumb\"},\"inLanguage\":\"en-GB\",\"potentialAction\":[{\"@type\":\"ReadAction\",\"target\":[\"https:\\\/\\\/haydee.es\\\/producto\\\/collar-pinita\\\/\"]}]},{\"@type\":\"ImageObject\",\"inLanguage\":\"en-GB\",\"@id\":\"https:\\\/\\\/haydee.es\\\/producto\\\/collar-pinita\\\/#primaryimage\",\"url\":\"https:\\\/\\\/haydee.es\\\/wp-content\\\/uploads\\\/2025\\\/12\\\/collar-pina-colada-colgante-pina-fruta-natural-haydee.png\",\"contentUrl\":\"https:\\\/\\\/haydee.es\\\/wp-content\\\/uploads\\\/2025\\\/12\\\/collar-pina-colada-colgante-pina-fruta-natural-haydee.png\",\"width\":832,\"height\":1248,\"caption\":\"Collar Hayd\u00e9e Pi\u00f1a Colada en composici\u00f3n tropical con pi\u00f1a fresca\"},{\"@type\":\"BreadcrumbList\",\"@id\":\"https:\\\/\\\/haydee.es\\\/producto\\\/collar-pinita\\\/#breadcrumb\",\"itemListElement\":[{\"@type\":\"ListItem\",\"position\":1,\"name\":\"Portada\",\"item\":\"https:\\\/\\\/haydee.es\\\/\"},{\"@type\":\"ListItem\",\"position\":2,\"name\":\"Tienda\",\"item\":\"https:\\\/\\\/haydee.es\\\/tienda\\\/\"},{\"@type\":\"ListItem\",\"position\":3,\"name\":\"PI\u00d1A COLADA\"}]},{\"@type\":\"WebSite\",\"@id\":\"https:\\\/\\\/haydee.es\\\/#website\",\"url\":\"https:\\\/\\\/haydee.es\\\/\",\"name\":\"All Sicilian by Hayd\u00e9e | Hand Made\",\"description\":\"Joyer\u00eda artesanal con piezas \u00fanicas\",\"publisher\":{\"@id\":\"https:\\\/\\\/haydee.es\\\/#organization\"},\"potentialAction\":[{\"@type\":\"SearchAction\",\"target\":{\"@type\":\"EntryPoint\",\"urlTemplate\":\"https:\\\/\\\/haydee.es\\\/?s={search_term_string}\"},\"query-input\":{\"@type\":\"PropertyValueSpecification\",\"valueRequired\":true,\"valueName\":\"search_term_string\"}}],\"inLanguage\":\"en-GB\"},{\"@type\":\"Organization\",\"@id\":\"https:\\\/\\\/haydee.es\\\/#organization\",\"name\":\"All Sicilian by Hayd\u00e9e | Hand Made\",\"url\":\"https:\\\/\\\/haydee.es\\\/\",\"logo\":{\"@type\":\"ImageObject\",\"inLanguage\":\"en-GB\",\"@id\":\"https:\\\/\\\/haydee.es\\\/#\\\/schema\\\/logo\\\/image\\\/\",\"url\":\"https:\\\/\\\/haydee.es\\\/wp-content\\\/uploads\\\/2025\\\/07\\\/logo-de-all-sicilian-hand-made-haydee.jpeg\",\"contentUrl\":\"https:\\\/\\\/haydee.es\\\/wp-content\\\/uploads\\\/2025\\\/07\\\/logo-de-all-sicilian-hand-made-haydee.jpeg\",\"width\":1440,\"height\":840,\"caption\":\"All Sicilian by Hayd\u00e9e | Hand Made\"},\"image\":{\"@id\":\"https:\\\/\\\/haydee.es\\\/#\\\/schema\\\/logo\\\/image\\\/\"}}]}<\/script>\n<!-- \/ Yoast SEO plugin. -->","yoast_head_json":{"title":"PI\u00d1A COLADA - All Sicilian by Hayd\u00e9e | Hand Made","robots":{"index":"index","follow":"follow","max-snippet":"max-snippet:-1","max-image-preview":"max-image-preview:large","max-video-preview":"max-video-preview:-1"},"canonical":"https:\/\/haydee.es\/en\/product\/collar-pinita\/","og_locale":"en_GB","og_type":"article","og_title":"PI\u00d1A COLADA - All Sicilian by Hayd\u00e9e | Hand Made","og_description":"Collar largo de cer\u00e1mica hecho a mano","og_url":"https:\/\/haydee.es\/en\/product\/collar-pinita\/","og_site_name":"All Sicilian by Hayd\u00e9e | Hand Made","article_modified_time":"2026-03-06T17:57:21+00:00","og_image":[{"width":683,"height":1024,"url":"https:\/\/haydee.es\/wp-content\/uploads\/2025\/12\/1766766418940-683x1024.png","type":"image\/png"}],"twitter_card":"summary_large_image","twitter_misc":{"Estimated reading time":"1 minute"},"schema":{"@context":"https:\/\/schema.org","@graph":[{"@type":"WebPage","@id":"https:\/\/haydee.es\/producto\/collar-pinita\/","url":"https:\/\/haydee.es\/producto\/collar-pinita\/","name":"PI\u00d1A COLADA - All Sicilian by Hayd\u00e9e | Hand Made","isPartOf":{"@id":"https:\/\/haydee.es\/#website"},"primaryImageOfPage":{"@id":"https:\/\/haydee.es\/producto\/collar-pinita\/#primaryimage"},"image":{"@id":"https:\/\/haydee.es\/producto\/collar-pinita\/#primaryimage"},"thumbnailUrl":"https:\/\/haydee.es\/wp-content\/uploads\/2025\/12\/collar-pina-colada-colgante-pina-fruta-natural-haydee.png","datePublished":"2025-12-26T18:28:09+00:00","dateModified":"2026-03-06T17:57:21+00:00","breadcrumb":{"@id":"https:\/\/haydee.es\/producto\/collar-pinita\/#breadcrumb"},"inLanguage":"en-GB","potentialAction":[{"@type":"ReadAction","target":["https:\/\/haydee.es\/producto\/collar-pinita\/"]}]},{"@type":"ImageObject","inLanguage":"en-GB","@id":"https:\/\/haydee.es\/producto\/collar-pinita\/#primaryimage","url":"https:\/\/haydee.es\/wp-content\/uploads\/2025\/12\/collar-pina-colada-colgante-pina-fruta-natural-haydee.png","contentUrl":"https:\/\/haydee.es\/wp-content\/uploads\/2025\/12\/collar-pina-colada-colgante-pina-fruta-natural-haydee.png","width":832,"height":1248,"caption":"Collar Hayd\u00e9e Pi\u00f1a Colada en composici\u00f3n tropical con pi\u00f1a fresca"},{"@type":"BreadcrumbList","@id":"https:\/\/haydee.es\/producto\/collar-pinita\/#breadcrumb","itemListElement":[{"@type":"ListItem","position":1,"name":"Portada","item":"https:\/\/haydee.es\/"},{"@type":"ListItem","position":2,"name":"Tienda","item":"https:\/\/haydee.es\/tienda\/"},{"@type":"ListItem","position":3,"name":"PI\u00d1A COLADA"}]},{"@type":"WebSite","@id":"https:\/\/haydee.es\/#website","url":"https:\/\/haydee.es\/","name":"All Sicilian by Hayd\u00e9e | Hand Made","description":"Joyer\u00eda artesanal con piezas \u00fanicas","publisher":{"@id":"https:\/\/haydee.es\/#organization"},"potentialAction":[{"@type":"SearchAction","target":{"@type":"EntryPoint","urlTemplate":"https:\/\/haydee.es\/?s={search_term_string}"},"query-input":{"@type":"PropertyValueSpecification","valueRequired":true,"valueName":"search_term_string"}}],"inLanguage":"en-GB"},{"@type":"Organization","@id":"https:\/\/haydee.es\/#organization","name":"All Sicilian by Hayd\u00e9e | Hand Made","url":"https:\/\/haydee.es\/","logo":{"@type":"ImageObject","inLanguage":"en-GB","@id":"https:\/\/haydee.es\/#\/schema\/logo\/image\/","url":"https:\/\/haydee.es\/wp-content\/uploads\/2025\/07\/logo-de-all-sicilian-hand-made-haydee.jpeg","contentUrl":"https:\/\/haydee.es\/wp-content\/uploads\/2025\/07\/logo-de-all-sicilian-hand-made-haydee.jpeg","width":1440,"height":840,"caption":"All Sicilian by Hayd\u00e9e | Hand Made"},"image":{"@id":"https:\/\/haydee.es\/#\/schema\/logo\/image\/"}}]}},"_links":{"self":[{"href":"https:\/\/haydee.es\/en\/wp-json\/wp\/v2\/product\/2737","targetHints":{"allow":["GET"]}}],"collection":[{"href":"https:\/\/haydee.es\/en\/wp-json\/wp\/v2\/product"}],"about":[{"href":"https:\/\/haydee.es\/en\/wp-json\/wp\/v2\/types\/product"}],"replies":[{"embeddable":true,"href":"https:\/\/haydee.es\/en\/wp-json\/wp\/v2\/comments?post=2737"}],"wp:featuredmedia":[{"embeddable":true,"href":"https:\/\/haydee.es\/en\/wp-json\/wp\/v2\/media\/2739"}],"wp:attachment":[{"href":"https:\/\/haydee.es\/en\/wp-json\/wp\/v2\/media?parent=2737"}],"wp:term":[{"taxonomy":"product_brand","embeddable":true,"href":"https:\/\/haydee.es\/en\/wp-json\/wp\/v2\/product_brand?post=2737"},{"taxonomy":"product_cat","embeddable":true,"href":"https:\/\/haydee.es\/en\/wp-json\/wp\/v2\/product_cat?post=2737"},{"taxonomy":"product_tag","embeddable":true,"href":"https:\/\/haydee.es\/en\/wp-json\/wp\/v2\/product_tag?post=2737"}],"curies":[{"name":"wp","href":"https:\/\/api.w.org\/{rel}","templated":true}]}}