{"id":2640,"date":"2025-12-26T14:15:02","date_gmt":"2025-12-26T13:15:02","guid":{"rendered":"https:\/\/haydee.es\/?post_type=product&#038;p=2640"},"modified":"2025-12-26T14:17:22","modified_gmt":"2025-12-26T13:17:22","slug":"collar-filippo-federico-rosa","status":"publish","type":"product","link":"https:\/\/haydee.es\/en\/product\/collar-filippo-federico-rosa\/","title":{"rendered":"COLLAR FILIPPO FEDERICO ROSA"},"content":{"rendered":"<p>Collar del rey Filippo Federico en tonos rosados. El rey tiene como terminaci\u00f3n piedras naturales en el mismo color. La cadena est\u00e1 realizada a mano con cuentas de piedras semipreciosas y perlas naturales.\u00a0 Es de color dorado y tiene cierre por lo que puede utilizarse junto con el colgante o por separado; larga o con doble vuelta.<\/p>\n<p>Medida del colgante: 7 cm de largo por 3 cm de ancho.<\/p>\n<p>Medida de la cadena: 1 metro de largo.<\/p>","protected":false},"excerpt":{"rendered":"<p>Long handmade ceramic necklace<\/p>","protected":false},"featured_media":1330,"comment_status":"open","ping_status":"closed","template":"","meta":{"_joinchat":[]},"product_brand":[],"product_cat":[92,90,86],"product_tag":[],"class_list":{"0":"post-2640","1":"product","2":"type-product","3":"status-publish","4":"has-post-thumbnail","6":"product_cat-collares","7":"product_cat-tematicas","8":"product_cat-testa-di-moro","10":"first","11":"instock","12":"taxable","13":"shipping-taxable","14":"purchasable","15":"product-type-simple"},"yoast_head":"<!-- This site is optimized with the Yoast SEO plugin v27.3 - https:\/\/yoast.com\/product\/yoast-seo-wordpress\/ -->\n<title>COLLAR FILIPPO FEDERICO ROSA - All Sicilian by Hayd\u00e9e | Hand Made<\/title>\n<meta name=\"description\" content=\"Collar del rey Filippo Federico en tonos rosas, muy agradables. El rey tiene una cascada de piedras como terminaci\u00f3n en los mismos tonos lilas rosados. La cadena est\u00e1 realizada con cuentas de piedras semipreciosas y perlas naturales.\u00a0 Es de color dorado y tiene cierre por lo que puede utilizarse junto con el colgante o por separado; larga o con doble vuelta.\u00a0Medida del colgante: 7 cm de largo por 3 cm de ancho.\u00a0Medida de la cadena: 1 metro de largo.\u00a0\" \/>\n<meta name=\"robots\" content=\"index, follow, max-snippet:-1, max-image-preview:large, max-video-preview:-1\" \/>\n<link rel=\"canonical\" href=\"https:\/\/haydee.es\/en\/product\/collar-filippo-federico-rosa\/\" \/>\n<meta property=\"og:locale\" content=\"en_GB\" \/>\n<meta property=\"og:type\" content=\"article\" \/>\n<meta property=\"og:title\" content=\"COLLAR FILIPPO FEDERICO ROSA - All Sicilian by Hayd\u00e9e | Hand Made\" \/>\n<meta property=\"og:description\" content=\"Collar del rey Filippo Federico en tonos rosas, muy agradables. El rey tiene una cascada de piedras como terminaci\u00f3n en los mismos tonos lilas rosados. La cadena est\u00e1 realizada con cuentas de piedras semipreciosas y perlas naturales.\u00a0 Es de color dorado y tiene cierre por lo que puede utilizarse junto con el colgante o por separado; larga o con doble vuelta.\u00a0Medida del colgante: 7 cm de largo por 3 cm de ancho.\u00a0Medida de la cadena: 1 metro de largo.\u00a0\" \/>\n<meta property=\"og:url\" content=\"https:\/\/haydee.es\/en\/product\/collar-filippo-federico-rosa\/\" \/>\n<meta property=\"og:site_name\" content=\"All Sicilian by Hayd\u00e9e | Hand Made\" \/>\n<meta property=\"article:modified_time\" content=\"2025-12-26T13:17:22+00:00\" \/>\n<meta property=\"og:image\" content=\"https:\/\/haydee.es\/wp-content\/uploads\/2025\/08\/IMG_20250731_151005-scaled.png\" \/>\n\t<meta property=\"og:image:width\" content=\"1920\" \/>\n\t<meta property=\"og:image:height\" content=\"2560\" \/>\n\t<meta property=\"og:image:type\" content=\"image\/png\" \/>\n<meta name=\"twitter:card\" content=\"summary_large_image\" \/>\n<meta name=\"twitter:label1\" content=\"Estimated reading time\" \/>\n\t<meta name=\"twitter:data1\" content=\"1 minute\" \/>\n<script type=\"application\/ld+json\" class=\"yoast-schema-graph\">{\"@context\":\"https:\\\/\\\/schema.org\",\"@graph\":[{\"@type\":\"WebPage\",\"@id\":\"https:\\\/\\\/haydee.es\\\/producto\\\/collar-filippo-federico-rosa\\\/\",\"url\":\"https:\\\/\\\/haydee.es\\\/producto\\\/collar-filippo-federico-rosa\\\/\",\"name\":\"COLLAR FILIPPO FEDERICO ROSA - All Sicilian by Hayd\u00e9e | Hand Made\",\"isPartOf\":{\"@id\":\"https:\\\/\\\/haydee.es\\\/#website\"},\"primaryImageOfPage\":{\"@id\":\"https:\\\/\\\/haydee.es\\\/producto\\\/collar-filippo-federico-rosa\\\/#primaryimage\"},\"image\":{\"@id\":\"https:\\\/\\\/haydee.es\\\/producto\\\/collar-filippo-federico-rosa\\\/#primaryimage\"},\"thumbnailUrl\":\"https:\\\/\\\/haydee.es\\\/wp-content\\\/uploads\\\/2025\\\/08\\\/IMG_20250731_151005-scaled.png\",\"datePublished\":\"2025-12-26T13:15:02+00:00\",\"dateModified\":\"2025-12-26T13:17:22+00:00\",\"description\":\"Collar del rey Filippo Federico en tonos rosas, muy agradables. El rey tiene una cascada de piedras como terminaci\u00f3n en los mismos tonos lilas rosados. La cadena est\u00e1 realizada con cuentas de piedras semipreciosas y perlas naturales.\u00a0 Es de color dorado y tiene cierre por lo que puede utilizarse junto con el colgante o por separado; larga o con doble vuelta.\u00a0Medida del colgante: 7 cm de largo por 3 cm de ancho.\u00a0Medida de la cadena: 1 metro de largo.\u00a0\",\"breadcrumb\":{\"@id\":\"https:\\\/\\\/haydee.es\\\/producto\\\/collar-filippo-federico-rosa\\\/#breadcrumb\"},\"inLanguage\":\"en-GB\",\"potentialAction\":[{\"@type\":\"ReadAction\",\"target\":[\"https:\\\/\\\/haydee.es\\\/producto\\\/collar-filippo-federico-rosa\\\/\"]}]},{\"@type\":\"ImageObject\",\"inLanguage\":\"en-GB\",\"@id\":\"https:\\\/\\\/haydee.es\\\/producto\\\/collar-filippo-federico-rosa\\\/#primaryimage\",\"url\":\"https:\\\/\\\/haydee.es\\\/wp-content\\\/uploads\\\/2025\\\/08\\\/IMG_20250731_151005-scaled.png\",\"contentUrl\":\"https:\\\/\\\/haydee.es\\\/wp-content\\\/uploads\\\/2025\\\/08\\\/IMG_20250731_151005-scaled.png\",\"width\":1920,\"height\":2560,\"caption\":\"IMG 20250731 151005 scaled\"},{\"@type\":\"BreadcrumbList\",\"@id\":\"https:\\\/\\\/haydee.es\\\/producto\\\/collar-filippo-federico-rosa\\\/#breadcrumb\",\"itemListElement\":[{\"@type\":\"ListItem\",\"position\":1,\"name\":\"Portada\",\"item\":\"https:\\\/\\\/haydee.es\\\/\"},{\"@type\":\"ListItem\",\"position\":2,\"name\":\"Tienda\",\"item\":\"https:\\\/\\\/haydee.es\\\/tienda\\\/\"},{\"@type\":\"ListItem\",\"position\":3,\"name\":\"COLLAR FILIPPO FEDERICO ROSA\"}]},{\"@type\":\"WebSite\",\"@id\":\"https:\\\/\\\/haydee.es\\\/#website\",\"url\":\"https:\\\/\\\/haydee.es\\\/\",\"name\":\"All Sicilian by Hayd\u00e9e | Hand Made\",\"description\":\"Joyer\u00eda artesanal con piezas \u00fanicas\",\"publisher\":{\"@id\":\"https:\\\/\\\/haydee.es\\\/#organization\"},\"potentialAction\":[{\"@type\":\"SearchAction\",\"target\":{\"@type\":\"EntryPoint\",\"urlTemplate\":\"https:\\\/\\\/haydee.es\\\/?s={search_term_string}\"},\"query-input\":{\"@type\":\"PropertyValueSpecification\",\"valueRequired\":true,\"valueName\":\"search_term_string\"}}],\"inLanguage\":\"en-GB\"},{\"@type\":\"Organization\",\"@id\":\"https:\\\/\\\/haydee.es\\\/#organization\",\"name\":\"All Sicilian by Hayd\u00e9e | Hand Made\",\"url\":\"https:\\\/\\\/haydee.es\\\/\",\"logo\":{\"@type\":\"ImageObject\",\"inLanguage\":\"en-GB\",\"@id\":\"https:\\\/\\\/haydee.es\\\/#\\\/schema\\\/logo\\\/image\\\/\",\"url\":\"https:\\\/\\\/haydee.es\\\/wp-content\\\/uploads\\\/2025\\\/07\\\/logo-de-all-sicilian-hand-made-haydee.jpeg\",\"contentUrl\":\"https:\\\/\\\/haydee.es\\\/wp-content\\\/uploads\\\/2025\\\/07\\\/logo-de-all-sicilian-hand-made-haydee.jpeg\",\"width\":1440,\"height\":840,\"caption\":\"All Sicilian by Hayd\u00e9e | Hand Made\"},\"image\":{\"@id\":\"https:\\\/\\\/haydee.es\\\/#\\\/schema\\\/logo\\\/image\\\/\"}}]}<\/script>\n<!-- \/ Yoast SEO plugin. -->","yoast_head_json":{"title":"COLLAR FILIPPO FEDERICO ROSA - All Sicilian by Hayd\u00e9e | Hand Made","description":"Collar del rey Filippo Federico en tonos rosas, muy agradables. El rey tiene una cascada de piedras como terminaci\u00f3n en los mismos tonos lilas rosados. La cadena est\u00e1 realizada con cuentas de piedras semipreciosas y perlas naturales.\u00a0 Es de color dorado y tiene cierre por lo que puede utilizarse junto con el colgante o por separado; larga o con doble vuelta.\u00a0Medida del colgante: 7 cm de largo por 3 cm de ancho.\u00a0Medida de la cadena: 1 metro de largo.\u00a0","robots":{"index":"index","follow":"follow","max-snippet":"max-snippet:-1","max-image-preview":"max-image-preview:large","max-video-preview":"max-video-preview:-1"},"canonical":"https:\/\/haydee.es\/en\/product\/collar-filippo-federico-rosa\/","og_locale":"en_GB","og_type":"article","og_title":"COLLAR FILIPPO FEDERICO ROSA - All Sicilian by Hayd\u00e9e | Hand Made","og_description":"Collar del rey Filippo Federico en tonos rosas, muy agradables. El rey tiene una cascada de piedras como terminaci\u00f3n en los mismos tonos lilas rosados. La cadena est\u00e1 realizada con cuentas de piedras semipreciosas y perlas naturales.\u00a0 Es de color dorado y tiene cierre por lo que puede utilizarse junto con el colgante o por separado; larga o con doble vuelta.\u00a0Medida del colgante: 7 cm de largo por 3 cm de ancho.\u00a0Medida de la cadena: 1 metro de largo.\u00a0","og_url":"https:\/\/haydee.es\/en\/product\/collar-filippo-federico-rosa\/","og_site_name":"All Sicilian by Hayd\u00e9e | Hand Made","article_modified_time":"2025-12-26T13:17:22+00:00","og_image":[{"width":1920,"height":2560,"url":"https:\/\/haydee.es\/wp-content\/uploads\/2025\/08\/IMG_20250731_151005-scaled.png","type":"image\/png"}],"twitter_card":"summary_large_image","twitter_misc":{"Estimated reading time":"1 minute"},"schema":{"@context":"https:\/\/schema.org","@graph":[{"@type":"WebPage","@id":"https:\/\/haydee.es\/producto\/collar-filippo-federico-rosa\/","url":"https:\/\/haydee.es\/producto\/collar-filippo-federico-rosa\/","name":"COLLAR FILIPPO FEDERICO ROSA - All Sicilian by Hayd\u00e9e | Hand Made","isPartOf":{"@id":"https:\/\/haydee.es\/#website"},"primaryImageOfPage":{"@id":"https:\/\/haydee.es\/producto\/collar-filippo-federico-rosa\/#primaryimage"},"image":{"@id":"https:\/\/haydee.es\/producto\/collar-filippo-federico-rosa\/#primaryimage"},"thumbnailUrl":"https:\/\/haydee.es\/wp-content\/uploads\/2025\/08\/IMG_20250731_151005-scaled.png","datePublished":"2025-12-26T13:15:02+00:00","dateModified":"2025-12-26T13:17:22+00:00","description":"Collar del rey Filippo Federico en tonos rosas, muy agradables. El rey tiene una cascada de piedras como terminaci\u00f3n en los mismos tonos lilas rosados. La cadena est\u00e1 realizada con cuentas de piedras semipreciosas y perlas naturales.\u00a0 Es de color dorado y tiene cierre por lo que puede utilizarse junto con el colgante o por separado; larga o con doble vuelta.\u00a0Medida del colgante: 7 cm de largo por 3 cm de ancho.\u00a0Medida de la cadena: 1 metro de largo.\u00a0","breadcrumb":{"@id":"https:\/\/haydee.es\/producto\/collar-filippo-federico-rosa\/#breadcrumb"},"inLanguage":"en-GB","potentialAction":[{"@type":"ReadAction","target":["https:\/\/haydee.es\/producto\/collar-filippo-federico-rosa\/"]}]},{"@type":"ImageObject","inLanguage":"en-GB","@id":"https:\/\/haydee.es\/producto\/collar-filippo-federico-rosa\/#primaryimage","url":"https:\/\/haydee.es\/wp-content\/uploads\/2025\/08\/IMG_20250731_151005-scaled.png","contentUrl":"https:\/\/haydee.es\/wp-content\/uploads\/2025\/08\/IMG_20250731_151005-scaled.png","width":1920,"height":2560,"caption":"IMG 20250731 151005 scaled"},{"@type":"BreadcrumbList","@id":"https:\/\/haydee.es\/producto\/collar-filippo-federico-rosa\/#breadcrumb","itemListElement":[{"@type":"ListItem","position":1,"name":"Portada","item":"https:\/\/haydee.es\/"},{"@type":"ListItem","position":2,"name":"Tienda","item":"https:\/\/haydee.es\/tienda\/"},{"@type":"ListItem","position":3,"name":"COLLAR FILIPPO FEDERICO ROSA"}]},{"@type":"WebSite","@id":"https:\/\/haydee.es\/#website","url":"https:\/\/haydee.es\/","name":"All Sicilian by Hayd\u00e9e | Hand Made","description":"Joyer\u00eda artesanal con piezas \u00fanicas","publisher":{"@id":"https:\/\/haydee.es\/#organization"},"potentialAction":[{"@type":"SearchAction","target":{"@type":"EntryPoint","urlTemplate":"https:\/\/haydee.es\/?s={search_term_string}"},"query-input":{"@type":"PropertyValueSpecification","valueRequired":true,"valueName":"search_term_string"}}],"inLanguage":"en-GB"},{"@type":"Organization","@id":"https:\/\/haydee.es\/#organization","name":"All Sicilian by Hayd\u00e9e | Hand Made","url":"https:\/\/haydee.es\/","logo":{"@type":"ImageObject","inLanguage":"en-GB","@id":"https:\/\/haydee.es\/#\/schema\/logo\/image\/","url":"https:\/\/haydee.es\/wp-content\/uploads\/2025\/07\/logo-de-all-sicilian-hand-made-haydee.jpeg","contentUrl":"https:\/\/haydee.es\/wp-content\/uploads\/2025\/07\/logo-de-all-sicilian-hand-made-haydee.jpeg","width":1440,"height":840,"caption":"All Sicilian by Hayd\u00e9e | Hand Made"},"image":{"@id":"https:\/\/haydee.es\/#\/schema\/logo\/image\/"}}]}},"_links":{"self":[{"href":"https:\/\/haydee.es\/en\/wp-json\/wp\/v2\/product\/2640","targetHints":{"allow":["GET"]}}],"collection":[{"href":"https:\/\/haydee.es\/en\/wp-json\/wp\/v2\/product"}],"about":[{"href":"https:\/\/haydee.es\/en\/wp-json\/wp\/v2\/types\/product"}],"replies":[{"embeddable":true,"href":"https:\/\/haydee.es\/en\/wp-json\/wp\/v2\/comments?post=2640"}],"wp:featuredmedia":[{"embeddable":true,"href":"https:\/\/haydee.es\/en\/wp-json\/wp\/v2\/media\/1330"}],"wp:attachment":[{"href":"https:\/\/haydee.es\/en\/wp-json\/wp\/v2\/media?parent=2640"}],"wp:term":[{"taxonomy":"product_brand","embeddable":true,"href":"https:\/\/haydee.es\/en\/wp-json\/wp\/v2\/product_brand?post=2640"},{"taxonomy":"product_cat","embeddable":true,"href":"https:\/\/haydee.es\/en\/wp-json\/wp\/v2\/product_cat?post=2640"},{"taxonomy":"product_tag","embeddable":true,"href":"https:\/\/haydee.es\/en\/wp-json\/wp\/v2\/product_tag?post=2640"}],"curies":[{"name":"wp","href":"https:\/\/api.w.org\/{rel}","templated":true}]}}