{"id":2428,"date":"2025-12-04T12:29:05","date_gmt":"2025-12-04T11:29:05","guid":{"rendered":"https:\/\/haydee.es\/?post_type=product&#038;p=2428"},"modified":"2025-12-26T22:41:29","modified_gmt":"2025-12-26T21:41:29","slug":"filippa-federica-toscana","status":"publish","type":"product","link":"https:\/\/haydee.es\/en\/product\/filippa-federica-toscana\/","title":{"rendered":"COLLAR FILIPPA FEDERICA TOSCANA"},"content":{"rendered":"<p>Collar de testa di moro, con el rostro de Filippa Federica. El colgante es artesano y est\u00e1 elaborado en Sicilia, en Caltagirone, pintado a mano y esmaltado. En \u00e9l predominan los colores amarillos, violetas y verdes. La cadena es de piedras semipreciosas intercalando piezas de amatista y de perla natural. Puede llevarse con doble vuelta. La cadena tiene apertura por lo que ambas piezas pueden utilizarse solas o separadas.<\/p>\n<p>Medida colgante: 7 cm de largo por 3 de ancho<\/p>\n<p>Medida collar: 1 metro de largo<\/p>","protected":false},"excerpt":{"rendered":"<p>Long handmade ceramic necklace<\/p>","protected":false},"featured_media":2589,"comment_status":"open","ping_status":"closed","template":"","meta":{"_joinchat":[]},"product_brand":[],"product_cat":[91,92,90,86],"product_tag":[],"class_list":{"0":"post-2428","1":"product","2":"type-product","3":"status-publish","4":"has-post-thumbnail","6":"product_cat-productos","7":"product_cat-collares","8":"product_cat-tematicas","9":"product_cat-testa-di-moro","11":"first","12":"instock","13":"taxable","14":"shipping-taxable","15":"purchasable","16":"product-type-simple"},"yoast_head":"<!-- This site is optimized with the Yoast SEO plugin v27.3 - https:\/\/yoast.com\/product\/yoast-seo-wordpress\/ -->\n<title>COLLAR FILIPPA FEDERICA TOSCANA - All Sicilian by Hayd\u00e9e | Hand Made<\/title>\n<meta name=\"description\" content=\"Collar de testa di moro, con el rostro de Filipa Federica. El colgante es artesano y est\u00e1 elaborado en Sicilia, pintado a mano y esmaltado. En \u00e9l predominan los colores rojos y de la cabeza de la reina cuelgan piedras en color blanco. La cadena es de cristal intercalando piezas en color diferentes colores que dan vida al colgante. Puede llevarse con doble vuelta. La cadena tiene apertura por lo que ambas piezas pueden utilizarse solas o separadas.\" \/>\n<meta name=\"robots\" content=\"index, follow, max-snippet:-1, max-image-preview:large, max-video-preview:-1\" \/>\n<link rel=\"canonical\" href=\"https:\/\/haydee.es\/en\/product\/filippa-federica-toscana\/\" \/>\n<meta property=\"og:locale\" content=\"en_GB\" \/>\n<meta property=\"og:type\" content=\"article\" \/>\n<meta property=\"og:title\" content=\"COLLAR FILIPPA FEDERICA TOSCANA - All Sicilian by Hayd\u00e9e | Hand Made\" \/>\n<meta property=\"og:description\" content=\"Collar de testa di moro, con el rostro de Filipa Federica. El colgante es artesano y est\u00e1 elaborado en Sicilia, pintado a mano y esmaltado. En \u00e9l predominan los colores rojos y de la cabeza de la reina cuelgan piedras en color blanco. La cadena es de cristal intercalando piezas en color diferentes colores que dan vida al colgante. Puede llevarse con doble vuelta. La cadena tiene apertura por lo que ambas piezas pueden utilizarse solas o separadas.\" \/>\n<meta property=\"og:url\" content=\"https:\/\/haydee.es\/en\/product\/filippa-federica-toscana\/\" \/>\n<meta property=\"og:site_name\" content=\"All Sicilian by Hayd\u00e9e | Hand Made\" \/>\n<meta property=\"article:modified_time\" content=\"2025-12-26T21:41:29+00:00\" \/>\n<meta property=\"og:image\" content=\"https:\/\/haydee.es\/wp-content\/uploads\/2025\/12\/1766657884520.png\" \/>\n\t<meta property=\"og:image:width\" content=\"832\" \/>\n\t<meta property=\"og:image:height\" content=\"1248\" \/>\n\t<meta property=\"og:image:type\" content=\"image\/png\" \/>\n<meta name=\"twitter:card\" content=\"summary_large_image\" \/>\n<meta name=\"twitter:label1\" content=\"Estimated reading time\" \/>\n\t<meta name=\"twitter:data1\" content=\"1 minute\" \/>\n<script type=\"application\/ld+json\" class=\"yoast-schema-graph\">{\"@context\":\"https:\\\/\\\/schema.org\",\"@graph\":[{\"@type\":\"WebPage\",\"@id\":\"https:\\\/\\\/haydee.es\\\/producto\\\/filippa-federica-toscana\\\/\",\"url\":\"https:\\\/\\\/haydee.es\\\/producto\\\/filippa-federica-toscana\\\/\",\"name\":\"COLLAR FILIPPA FEDERICA TOSCANA - All Sicilian by Hayd\u00e9e | Hand Made\",\"isPartOf\":{\"@id\":\"https:\\\/\\\/haydee.es\\\/#website\"},\"primaryImageOfPage\":{\"@id\":\"https:\\\/\\\/haydee.es\\\/producto\\\/filippa-federica-toscana\\\/#primaryimage\"},\"image\":{\"@id\":\"https:\\\/\\\/haydee.es\\\/producto\\\/filippa-federica-toscana\\\/#primaryimage\"},\"thumbnailUrl\":\"https:\\\/\\\/haydee.es\\\/wp-content\\\/uploads\\\/2025\\\/12\\\/1766657884520.png\",\"datePublished\":\"2025-12-04T11:29:05+00:00\",\"dateModified\":\"2025-12-26T21:41:29+00:00\",\"description\":\"Collar de testa di moro, con el rostro de Filipa Federica. El colgante es artesano y est\u00e1 elaborado en Sicilia, pintado a mano y esmaltado. En \u00e9l predominan los colores rojos y de la cabeza de la reina cuelgan piedras en color blanco. La cadena es de cristal intercalando piezas en color diferentes colores que dan vida al colgante. Puede llevarse con doble vuelta. La cadena tiene apertura por lo que ambas piezas pueden utilizarse solas o separadas.\",\"breadcrumb\":{\"@id\":\"https:\\\/\\\/haydee.es\\\/producto\\\/filippa-federica-toscana\\\/#breadcrumb\"},\"inLanguage\":\"en-GB\",\"potentialAction\":[{\"@type\":\"ReadAction\",\"target\":[\"https:\\\/\\\/haydee.es\\\/producto\\\/filippa-federica-toscana\\\/\"]}]},{\"@type\":\"ImageObject\",\"inLanguage\":\"en-GB\",\"@id\":\"https:\\\/\\\/haydee.es\\\/producto\\\/filippa-federica-toscana\\\/#primaryimage\",\"url\":\"https:\\\/\\\/haydee.es\\\/wp-content\\\/uploads\\\/2025\\\/12\\\/1766657884520.png\",\"contentUrl\":\"https:\\\/\\\/haydee.es\\\/wp-content\\\/uploads\\\/2025\\\/12\\\/1766657884520.png\",\"width\":832,\"height\":1248,\"caption\":\"1766657884520\"},{\"@type\":\"BreadcrumbList\",\"@id\":\"https:\\\/\\\/haydee.es\\\/producto\\\/filippa-federica-toscana\\\/#breadcrumb\",\"itemListElement\":[{\"@type\":\"ListItem\",\"position\":1,\"name\":\"Portada\",\"item\":\"https:\\\/\\\/haydee.es\\\/\"},{\"@type\":\"ListItem\",\"position\":2,\"name\":\"Tienda\",\"item\":\"https:\\\/\\\/haydee.es\\\/tienda\\\/\"},{\"@type\":\"ListItem\",\"position\":3,\"name\":\"COLLAR FILIPPA FEDERICA TOSCANA\"}]},{\"@type\":\"WebSite\",\"@id\":\"https:\\\/\\\/haydee.es\\\/#website\",\"url\":\"https:\\\/\\\/haydee.es\\\/\",\"name\":\"All Sicilian by Hayd\u00e9e | Hand Made\",\"description\":\"Joyer\u00eda artesanal con piezas \u00fanicas\",\"publisher\":{\"@id\":\"https:\\\/\\\/haydee.es\\\/#organization\"},\"potentialAction\":[{\"@type\":\"SearchAction\",\"target\":{\"@type\":\"EntryPoint\",\"urlTemplate\":\"https:\\\/\\\/haydee.es\\\/?s={search_term_string}\"},\"query-input\":{\"@type\":\"PropertyValueSpecification\",\"valueRequired\":true,\"valueName\":\"search_term_string\"}}],\"inLanguage\":\"en-GB\"},{\"@type\":\"Organization\",\"@id\":\"https:\\\/\\\/haydee.es\\\/#organization\",\"name\":\"All Sicilian by Hayd\u00e9e | Hand Made\",\"url\":\"https:\\\/\\\/haydee.es\\\/\",\"logo\":{\"@type\":\"ImageObject\",\"inLanguage\":\"en-GB\",\"@id\":\"https:\\\/\\\/haydee.es\\\/#\\\/schema\\\/logo\\\/image\\\/\",\"url\":\"https:\\\/\\\/haydee.es\\\/wp-content\\\/uploads\\\/2025\\\/07\\\/logo-de-all-sicilian-hand-made-haydee.jpeg\",\"contentUrl\":\"https:\\\/\\\/haydee.es\\\/wp-content\\\/uploads\\\/2025\\\/07\\\/logo-de-all-sicilian-hand-made-haydee.jpeg\",\"width\":1440,\"height\":840,\"caption\":\"All Sicilian by Hayd\u00e9e | Hand Made\"},\"image\":{\"@id\":\"https:\\\/\\\/haydee.es\\\/#\\\/schema\\\/logo\\\/image\\\/\"}}]}<\/script>\n<!-- \/ Yoast SEO plugin. -->","yoast_head_json":{"title":"COLLAR FILIPPA FEDERICA TOSCANA - All Sicilian by Hayd\u00e9e | Hand Made","description":"Collar de testa di moro, con el rostro de Filipa Federica. El colgante es artesano y est\u00e1 elaborado en Sicilia, pintado a mano y esmaltado. En \u00e9l predominan los colores rojos y de la cabeza de la reina cuelgan piedras en color blanco. La cadena es de cristal intercalando piezas en color diferentes colores que dan vida al colgante. Puede llevarse con doble vuelta. La cadena tiene apertura por lo que ambas piezas pueden utilizarse solas o separadas.","robots":{"index":"index","follow":"follow","max-snippet":"max-snippet:-1","max-image-preview":"max-image-preview:large","max-video-preview":"max-video-preview:-1"},"canonical":"https:\/\/haydee.es\/en\/product\/filippa-federica-toscana\/","og_locale":"en_GB","og_type":"article","og_title":"COLLAR FILIPPA FEDERICA TOSCANA - All Sicilian by Hayd\u00e9e | Hand Made","og_description":"Collar de testa di moro, con el rostro de Filipa Federica. El colgante es artesano y est\u00e1 elaborado en Sicilia, pintado a mano y esmaltado. En \u00e9l predominan los colores rojos y de la cabeza de la reina cuelgan piedras en color blanco. La cadena es de cristal intercalando piezas en color diferentes colores que dan vida al colgante. Puede llevarse con doble vuelta. La cadena tiene apertura por lo que ambas piezas pueden utilizarse solas o separadas.","og_url":"https:\/\/haydee.es\/en\/product\/filippa-federica-toscana\/","og_site_name":"All Sicilian by Hayd\u00e9e | Hand Made","article_modified_time":"2025-12-26T21:41:29+00:00","og_image":[{"width":832,"height":1248,"url":"https:\/\/haydee.es\/wp-content\/uploads\/2025\/12\/1766657884520.png","type":"image\/png"}],"twitter_card":"summary_large_image","twitter_misc":{"Estimated reading time":"1 minute"},"schema":{"@context":"https:\/\/schema.org","@graph":[{"@type":"WebPage","@id":"https:\/\/haydee.es\/producto\/filippa-federica-toscana\/","url":"https:\/\/haydee.es\/producto\/filippa-federica-toscana\/","name":"COLLAR FILIPPA FEDERICA TOSCANA - All Sicilian by Hayd\u00e9e | Hand Made","isPartOf":{"@id":"https:\/\/haydee.es\/#website"},"primaryImageOfPage":{"@id":"https:\/\/haydee.es\/producto\/filippa-federica-toscana\/#primaryimage"},"image":{"@id":"https:\/\/haydee.es\/producto\/filippa-federica-toscana\/#primaryimage"},"thumbnailUrl":"https:\/\/haydee.es\/wp-content\/uploads\/2025\/12\/1766657884520.png","datePublished":"2025-12-04T11:29:05+00:00","dateModified":"2025-12-26T21:41:29+00:00","description":"Collar de testa di moro, con el rostro de Filipa Federica. El colgante es artesano y est\u00e1 elaborado en Sicilia, pintado a mano y esmaltado. En \u00e9l predominan los colores rojos y de la cabeza de la reina cuelgan piedras en color blanco. La cadena es de cristal intercalando piezas en color diferentes colores que dan vida al colgante. Puede llevarse con doble vuelta. La cadena tiene apertura por lo que ambas piezas pueden utilizarse solas o separadas.","breadcrumb":{"@id":"https:\/\/haydee.es\/producto\/filippa-federica-toscana\/#breadcrumb"},"inLanguage":"en-GB","potentialAction":[{"@type":"ReadAction","target":["https:\/\/haydee.es\/producto\/filippa-federica-toscana\/"]}]},{"@type":"ImageObject","inLanguage":"en-GB","@id":"https:\/\/haydee.es\/producto\/filippa-federica-toscana\/#primaryimage","url":"https:\/\/haydee.es\/wp-content\/uploads\/2025\/12\/1766657884520.png","contentUrl":"https:\/\/haydee.es\/wp-content\/uploads\/2025\/12\/1766657884520.png","width":832,"height":1248,"caption":"1766657884520"},{"@type":"BreadcrumbList","@id":"https:\/\/haydee.es\/producto\/filippa-federica-toscana\/#breadcrumb","itemListElement":[{"@type":"ListItem","position":1,"name":"Portada","item":"https:\/\/haydee.es\/"},{"@type":"ListItem","position":2,"name":"Tienda","item":"https:\/\/haydee.es\/tienda\/"},{"@type":"ListItem","position":3,"name":"COLLAR FILIPPA FEDERICA TOSCANA"}]},{"@type":"WebSite","@id":"https:\/\/haydee.es\/#website","url":"https:\/\/haydee.es\/","name":"All Sicilian by Hayd\u00e9e | Hand Made","description":"Joyer\u00eda artesanal con piezas \u00fanicas","publisher":{"@id":"https:\/\/haydee.es\/#organization"},"potentialAction":[{"@type":"SearchAction","target":{"@type":"EntryPoint","urlTemplate":"https:\/\/haydee.es\/?s={search_term_string}"},"query-input":{"@type":"PropertyValueSpecification","valueRequired":true,"valueName":"search_term_string"}}],"inLanguage":"en-GB"},{"@type":"Organization","@id":"https:\/\/haydee.es\/#organization","name":"All Sicilian by Hayd\u00e9e | Hand Made","url":"https:\/\/haydee.es\/","logo":{"@type":"ImageObject","inLanguage":"en-GB","@id":"https:\/\/haydee.es\/#\/schema\/logo\/image\/","url":"https:\/\/haydee.es\/wp-content\/uploads\/2025\/07\/logo-de-all-sicilian-hand-made-haydee.jpeg","contentUrl":"https:\/\/haydee.es\/wp-content\/uploads\/2025\/07\/logo-de-all-sicilian-hand-made-haydee.jpeg","width":1440,"height":840,"caption":"All Sicilian by Hayd\u00e9e | Hand Made"},"image":{"@id":"https:\/\/haydee.es\/#\/schema\/logo\/image\/"}}]}},"_links":{"self":[{"href":"https:\/\/haydee.es\/en\/wp-json\/wp\/v2\/product\/2428","targetHints":{"allow":["GET"]}}],"collection":[{"href":"https:\/\/haydee.es\/en\/wp-json\/wp\/v2\/product"}],"about":[{"href":"https:\/\/haydee.es\/en\/wp-json\/wp\/v2\/types\/product"}],"replies":[{"embeddable":true,"href":"https:\/\/haydee.es\/en\/wp-json\/wp\/v2\/comments?post=2428"}],"wp:featuredmedia":[{"embeddable":true,"href":"https:\/\/haydee.es\/en\/wp-json\/wp\/v2\/media\/2589"}],"wp:attachment":[{"href":"https:\/\/haydee.es\/en\/wp-json\/wp\/v2\/media?parent=2428"}],"wp:term":[{"taxonomy":"product_brand","embeddable":true,"href":"https:\/\/haydee.es\/en\/wp-json\/wp\/v2\/product_brand?post=2428"},{"taxonomy":"product_cat","embeddable":true,"href":"https:\/\/haydee.es\/en\/wp-json\/wp\/v2\/product_cat?post=2428"},{"taxonomy":"product_tag","embeddable":true,"href":"https:\/\/haydee.es\/en\/wp-json\/wp\/v2\/product_tag?post=2428"}],"curies":[{"name":"wp","href":"https:\/\/api.w.org\/{rel}","templated":true}]}}