{"id":2325,"date":"2025-11-28T10:57:07","date_gmt":"2025-11-28T09:57:07","guid":{"rendered":"https:\/\/haydee.es\/?post_type=product&#038;p=2325"},"modified":"2025-12-28T08:11:41","modified_gmt":"2025-12-28T07:11:41","slug":"collar-pesce-allegro","status":"publish","type":"product","link":"https:\/\/haydee.es\/en\/product\/collar-pesce-allegro\/","title":{"rendered":"COLLAR PEZ ALLEGRO"},"content":{"rendered":"<p>El colgante de este collar es un peque\u00f1o pececito en colores vivos y alegres.<\/p>\n<p>Termina con una cascada de piedras rojas.<\/p>\n<p>Todas nuestra piezas est\u00e1n elaboradas por artesanos en Sicilia. Cada joya es \u00fanica.<\/p>\n<p>Pueden existir variaciones en la forma y color de los productos, puesto que est\u00e1n elaborados a mano.<\/p>\n<p>La cadena est\u00e1 elaborada a mano con cuentas azueles alternadas con coral siciliano y lleva cierre. Puede utilizase con el colgante o cada una de las piezas por separado.<\/p>\n<p>Medida del colgante: 7,5 cm de largo por 5 cm de ancho<\/p>\n<p>Media de la cadena: 1 metro de largo<\/p>\n<p>&nbsp;<\/p>","protected":false},"excerpt":{"rendered":"<p>Collar largo de cer\u00e1mica hecho a mano.<\/p>\n<p>Alegre y divertido. Con esmaltado y pintura realizada por artesanos sicilianos.<\/p>\n<p>Cada pieza es \u00fanica y est\u00e1 elaborada en Caltagirone, por lo que pueden existir variaciones de forma, color y tama\u00f1o.<\/p>\n<p>La medida del pez es de aproximadamente 6.5 cm.<\/p>\n<p>La cadena est\u00e1 realizada a mano con piedras azules y coral italiano. Mide un metro y tiene cierre de acero inoxidable, por lo que puede utilizarse con el colgante o ambas piezas por separado.<\/p>","protected":false},"featured_media":2727,"comment_status":"open","ping_status":"closed","template":"","meta":{"_joinchat":[]},"product_brand":[],"product_cat":[92,89],"product_tag":[],"class_list":{"0":"post-2325","1":"product","2":"type-product","3":"status-publish","4":"has-post-thumbnail","6":"product_cat-collares","7":"product_cat-il-mare","9":"first","10":"instock","11":"taxable","12":"shipping-taxable","13":"purchasable","14":"product-type-simple"},"yoast_head":"<!-- This site is optimized with the Yoast SEO plugin v27.3 - https:\/\/yoast.com\/product\/yoast-seo-wordpress\/ -->\n<title>COLLAR PEZ ALLEGRO - All Sicilian by Hayd\u00e9e | Hand Made<\/title>\n<meta name=\"robots\" content=\"index, follow, max-snippet:-1, max-image-preview:large, max-video-preview:-1\" \/>\n<link rel=\"canonical\" href=\"https:\/\/haydee.es\/en\/product\/collar-pesce-allegro\/\" \/>\n<meta property=\"og:locale\" content=\"en_GB\" \/>\n<meta property=\"og:type\" content=\"article\" \/>\n<meta property=\"og:title\" content=\"COLLAR PEZ ALLEGRO - All Sicilian by Hayd\u00e9e | Hand Made\" \/>\n<meta property=\"og:description\" content=\"Collar largo de cer\u00e1mica hecho a mano.  Alegre y divertido. Con esmaltado y pintura realizada por artesanos sicilianos.  Cada pieza es \u00fanica y est\u00e1 elaborada en Caltagirone, por lo que pueden existir variaciones de forma, color y tama\u00f1o.  La medida del pez es de aproximadamente 6.5 cm.  La cadena est\u00e1 realizada a mano con piedras azules y coral italiano. Mide un metro y tiene cierre de acero inoxidable, por lo que puede utilizarse con el colgante o ambas piezas por separado.\" \/>\n<meta property=\"og:url\" content=\"https:\/\/haydee.es\/en\/product\/collar-pesce-allegro\/\" \/>\n<meta property=\"og:site_name\" content=\"All Sicilian by Hayd\u00e9e | Hand Made\" \/>\n<meta property=\"article:modified_time\" content=\"2025-12-28T07:11:41+00:00\" \/>\n<meta property=\"og:image\" content=\"https:\/\/haydee.es\/wp-content\/uploads\/2025\/11\/1765827697965.png\" \/>\n\t<meta property=\"og:image:width\" content=\"832\" \/>\n\t<meta property=\"og:image:height\" content=\"1248\" \/>\n\t<meta property=\"og:image:type\" content=\"image\/png\" \/>\n<meta name=\"twitter:card\" content=\"summary_large_image\" \/>\n<meta name=\"twitter:label1\" content=\"Estimated reading time\" \/>\n\t<meta name=\"twitter:data1\" content=\"1 minute\" \/>\n<script type=\"application\/ld+json\" class=\"yoast-schema-graph\">{\"@context\":\"https:\\\/\\\/schema.org\",\"@graph\":[{\"@type\":\"WebPage\",\"@id\":\"https:\\\/\\\/haydee.es\\\/producto\\\/collar-pesce-allegro\\\/\",\"url\":\"https:\\\/\\\/haydee.es\\\/producto\\\/collar-pesce-allegro\\\/\",\"name\":\"COLLAR PEZ ALLEGRO - All Sicilian by Hayd\u00e9e | Hand Made\",\"isPartOf\":{\"@id\":\"https:\\\/\\\/haydee.es\\\/#website\"},\"primaryImageOfPage\":{\"@id\":\"https:\\\/\\\/haydee.es\\\/producto\\\/collar-pesce-allegro\\\/#primaryimage\"},\"image\":{\"@id\":\"https:\\\/\\\/haydee.es\\\/producto\\\/collar-pesce-allegro\\\/#primaryimage\"},\"thumbnailUrl\":\"https:\\\/\\\/haydee.es\\\/wp-content\\\/uploads\\\/2025\\\/11\\\/collar-pez-allegro-limones-ceramica-haydee.png\",\"datePublished\":\"2025-11-28T09:57:07+00:00\",\"dateModified\":\"2025-12-28T07:11:41+00:00\",\"breadcrumb\":{\"@id\":\"https:\\\/\\\/haydee.es\\\/producto\\\/collar-pesce-allegro\\\/#breadcrumb\"},\"inLanguage\":\"en-GB\",\"potentialAction\":[{\"@type\":\"ReadAction\",\"target\":[\"https:\\\/\\\/haydee.es\\\/producto\\\/collar-pesce-allegro\\\/\"]}]},{\"@type\":\"ImageObject\",\"inLanguage\":\"en-GB\",\"@id\":\"https:\\\/\\\/haydee.es\\\/producto\\\/collar-pesce-allegro\\\/#primaryimage\",\"url\":\"https:\\\/\\\/haydee.es\\\/wp-content\\\/uploads\\\/2025\\\/11\\\/collar-pez-allegro-limones-ceramica-haydee.png\",\"contentUrl\":\"https:\\\/\\\/haydee.es\\\/wp-content\\\/uploads\\\/2025\\\/11\\\/collar-pez-allegro-limones-ceramica-haydee.png\",\"width\":832,\"height\":1248,\"caption\":\"Collar Hayd\u00e9e con figura de pez sobre composici\u00f3n mediterr\u00e1nea con cer\u00e1mica y limones\"},{\"@type\":\"BreadcrumbList\",\"@id\":\"https:\\\/\\\/haydee.es\\\/producto\\\/collar-pesce-allegro\\\/#breadcrumb\",\"itemListElement\":[{\"@type\":\"ListItem\",\"position\":1,\"name\":\"Portada\",\"item\":\"https:\\\/\\\/haydee.es\\\/\"},{\"@type\":\"ListItem\",\"position\":2,\"name\":\"Tienda\",\"item\":\"https:\\\/\\\/haydee.es\\\/tienda\\\/\"},{\"@type\":\"ListItem\",\"position\":3,\"name\":\"COLLAR PEZ ALLEGRO\"}]},{\"@type\":\"WebSite\",\"@id\":\"https:\\\/\\\/haydee.es\\\/#website\",\"url\":\"https:\\\/\\\/haydee.es\\\/\",\"name\":\"All Sicilian by Hayd\u00e9e | Hand Made\",\"description\":\"Joyer\u00eda artesanal con piezas \u00fanicas\",\"publisher\":{\"@id\":\"https:\\\/\\\/haydee.es\\\/#organization\"},\"potentialAction\":[{\"@type\":\"SearchAction\",\"target\":{\"@type\":\"EntryPoint\",\"urlTemplate\":\"https:\\\/\\\/haydee.es\\\/?s={search_term_string}\"},\"query-input\":{\"@type\":\"PropertyValueSpecification\",\"valueRequired\":true,\"valueName\":\"search_term_string\"}}],\"inLanguage\":\"en-GB\"},{\"@type\":\"Organization\",\"@id\":\"https:\\\/\\\/haydee.es\\\/#organization\",\"name\":\"All Sicilian by Hayd\u00e9e | Hand Made\",\"url\":\"https:\\\/\\\/haydee.es\\\/\",\"logo\":{\"@type\":\"ImageObject\",\"inLanguage\":\"en-GB\",\"@id\":\"https:\\\/\\\/haydee.es\\\/#\\\/schema\\\/logo\\\/image\\\/\",\"url\":\"https:\\\/\\\/haydee.es\\\/wp-content\\\/uploads\\\/2025\\\/07\\\/logo-de-all-sicilian-hand-made-haydee.jpeg\",\"contentUrl\":\"https:\\\/\\\/haydee.es\\\/wp-content\\\/uploads\\\/2025\\\/07\\\/logo-de-all-sicilian-hand-made-haydee.jpeg\",\"width\":1440,\"height\":840,\"caption\":\"All Sicilian by Hayd\u00e9e | Hand Made\"},\"image\":{\"@id\":\"https:\\\/\\\/haydee.es\\\/#\\\/schema\\\/logo\\\/image\\\/\"}}]}<\/script>\n<!-- \/ Yoast SEO plugin. -->","yoast_head_json":{"title":"COLLAR PEZ ALLEGRO - All Sicilian by Hayd\u00e9e | Hand Made","robots":{"index":"index","follow":"follow","max-snippet":"max-snippet:-1","max-image-preview":"max-image-preview:large","max-video-preview":"max-video-preview:-1"},"canonical":"https:\/\/haydee.es\/en\/product\/collar-pesce-allegro\/","og_locale":"en_GB","og_type":"article","og_title":"COLLAR PEZ ALLEGRO - All Sicilian by Hayd\u00e9e | Hand Made","og_description":"Collar largo de cer\u00e1mica hecho a mano.  Alegre y divertido. Con esmaltado y pintura realizada por artesanos sicilianos.  Cada pieza es \u00fanica y est\u00e1 elaborada en Caltagirone, por lo que pueden existir variaciones de forma, color y tama\u00f1o.  La medida del pez es de aproximadamente 6.5 cm.  La cadena est\u00e1 realizada a mano con piedras azules y coral italiano. Mide un metro y tiene cierre de acero inoxidable, por lo que puede utilizarse con el colgante o ambas piezas por separado.","og_url":"https:\/\/haydee.es\/en\/product\/collar-pesce-allegro\/","og_site_name":"All Sicilian by Hayd\u00e9e | Hand Made","article_modified_time":"2025-12-28T07:11:41+00:00","og_image":[{"width":832,"height":1248,"url":"https:\/\/haydee.es\/wp-content\/uploads\/2025\/11\/1765827697965.png","type":"image\/png"}],"twitter_card":"summary_large_image","twitter_misc":{"Estimated reading time":"1 minute"},"schema":{"@context":"https:\/\/schema.org","@graph":[{"@type":"WebPage","@id":"https:\/\/haydee.es\/producto\/collar-pesce-allegro\/","url":"https:\/\/haydee.es\/producto\/collar-pesce-allegro\/","name":"COLLAR PEZ ALLEGRO - All Sicilian by Hayd\u00e9e | Hand Made","isPartOf":{"@id":"https:\/\/haydee.es\/#website"},"primaryImageOfPage":{"@id":"https:\/\/haydee.es\/producto\/collar-pesce-allegro\/#primaryimage"},"image":{"@id":"https:\/\/haydee.es\/producto\/collar-pesce-allegro\/#primaryimage"},"thumbnailUrl":"https:\/\/haydee.es\/wp-content\/uploads\/2025\/11\/collar-pez-allegro-limones-ceramica-haydee.png","datePublished":"2025-11-28T09:57:07+00:00","dateModified":"2025-12-28T07:11:41+00:00","breadcrumb":{"@id":"https:\/\/haydee.es\/producto\/collar-pesce-allegro\/#breadcrumb"},"inLanguage":"en-GB","potentialAction":[{"@type":"ReadAction","target":["https:\/\/haydee.es\/producto\/collar-pesce-allegro\/"]}]},{"@type":"ImageObject","inLanguage":"en-GB","@id":"https:\/\/haydee.es\/producto\/collar-pesce-allegro\/#primaryimage","url":"https:\/\/haydee.es\/wp-content\/uploads\/2025\/11\/collar-pez-allegro-limones-ceramica-haydee.png","contentUrl":"https:\/\/haydee.es\/wp-content\/uploads\/2025\/11\/collar-pez-allegro-limones-ceramica-haydee.png","width":832,"height":1248,"caption":"Collar Hayd\u00e9e con figura de pez sobre composici\u00f3n mediterr\u00e1nea con cer\u00e1mica y limones"},{"@type":"BreadcrumbList","@id":"https:\/\/haydee.es\/producto\/collar-pesce-allegro\/#breadcrumb","itemListElement":[{"@type":"ListItem","position":1,"name":"Portada","item":"https:\/\/haydee.es\/"},{"@type":"ListItem","position":2,"name":"Tienda","item":"https:\/\/haydee.es\/tienda\/"},{"@type":"ListItem","position":3,"name":"COLLAR PEZ ALLEGRO"}]},{"@type":"WebSite","@id":"https:\/\/haydee.es\/#website","url":"https:\/\/haydee.es\/","name":"All Sicilian by Hayd\u00e9e | Hand Made","description":"Joyer\u00eda artesanal con piezas \u00fanicas","publisher":{"@id":"https:\/\/haydee.es\/#organization"},"potentialAction":[{"@type":"SearchAction","target":{"@type":"EntryPoint","urlTemplate":"https:\/\/haydee.es\/?s={search_term_string}"},"query-input":{"@type":"PropertyValueSpecification","valueRequired":true,"valueName":"search_term_string"}}],"inLanguage":"en-GB"},{"@type":"Organization","@id":"https:\/\/haydee.es\/#organization","name":"All Sicilian by Hayd\u00e9e | Hand Made","url":"https:\/\/haydee.es\/","logo":{"@type":"ImageObject","inLanguage":"en-GB","@id":"https:\/\/haydee.es\/#\/schema\/logo\/image\/","url":"https:\/\/haydee.es\/wp-content\/uploads\/2025\/07\/logo-de-all-sicilian-hand-made-haydee.jpeg","contentUrl":"https:\/\/haydee.es\/wp-content\/uploads\/2025\/07\/logo-de-all-sicilian-hand-made-haydee.jpeg","width":1440,"height":840,"caption":"All Sicilian by Hayd\u00e9e | Hand Made"},"image":{"@id":"https:\/\/haydee.es\/#\/schema\/logo\/image\/"}}]}},"_links":{"self":[{"href":"https:\/\/haydee.es\/en\/wp-json\/wp\/v2\/product\/2325","targetHints":{"allow":["GET"]}}],"collection":[{"href":"https:\/\/haydee.es\/en\/wp-json\/wp\/v2\/product"}],"about":[{"href":"https:\/\/haydee.es\/en\/wp-json\/wp\/v2\/types\/product"}],"replies":[{"embeddable":true,"href":"https:\/\/haydee.es\/en\/wp-json\/wp\/v2\/comments?post=2325"}],"wp:featuredmedia":[{"embeddable":true,"href":"https:\/\/haydee.es\/en\/wp-json\/wp\/v2\/media\/2727"}],"wp:attachment":[{"href":"https:\/\/haydee.es\/en\/wp-json\/wp\/v2\/media?parent=2325"}],"wp:term":[{"taxonomy":"product_brand","embeddable":true,"href":"https:\/\/haydee.es\/en\/wp-json\/wp\/v2\/product_brand?post=2325"},{"taxonomy":"product_cat","embeddable":true,"href":"https:\/\/haydee.es\/en\/wp-json\/wp\/v2\/product_cat?post=2325"},{"taxonomy":"product_tag","embeddable":true,"href":"https:\/\/haydee.es\/en\/wp-json\/wp\/v2\/product_tag?post=2325"}],"curies":[{"name":"wp","href":"https:\/\/api.w.org\/{rel}","templated":true}]}}