{"id":2298,"date":"2025-11-24T18:59:42","date_gmt":"2025-11-24T17:59:42","guid":{"rendered":"https:\/\/haydee.es\/?post_type=product&#038;p=2298"},"modified":"2025-12-27T14:30:10","modified_gmt":"2025-12-27T13:30:10","slug":"re-alessandro-y-palmira-giallo","status":"publish","type":"product","link":"https:\/\/haydee.es\/en\/product\/re-alessandro-y-palmira-giallo\/","title":{"rendered":"PENDIENTES ALESSANDRO Y PALMIRA YELLOW"},"content":{"rendered":"<p>El rey Alessandro y la reina Palmira se han vestido en esta ocasi\u00f3n de amarillo.<\/p>\n<p>Ambos tienen una cascada de piedras del mismo color. La terminaci\u00f3n de los pendientes est\u00e1 realizada con cristal verde.<\/p>\n<p>Los pendientes est\u00e1n realizados por artesanos sicilianos. Cada pieza es \u00fanica, por lo que pueden existir variaciones de color y de tama\u00f1o.<\/p>","protected":false},"excerpt":{"rendered":"<p>Handmade ceramic earrings<\/p>","protected":false},"featured_media":2299,"comment_status":"open","ping_status":"closed","template":"","meta":{"_joinchat":[]},"product_brand":[],"product_cat":[95,86],"product_tag":[],"class_list":{"0":"post-2298","1":"product","2":"type-product","3":"status-publish","4":"has-post-thumbnail","6":"product_cat-pendientes","7":"product_cat-testa-di-moro","9":"first","10":"instock","11":"taxable","12":"shipping-taxable","13":"purchasable","14":"product-type-simple"},"yoast_head":"<!-- This site is optimized with the Yoast SEO plugin v27.3 - https:\/\/yoast.com\/product\/yoast-seo-wordpress\/ -->\n<title>PENDIENTES ALESSANDRO Y PALMIRA YELLOW All Sicilian by Hayd\u00e9e | Hand Made %<\/title>\n<meta name=\"description\" content=\"All Sicilian by Hayd\u00e9e | Hand Made PENDIENTES ALESSANDRO Y PALMIRA YELLOW -\" \/>\n<meta name=\"robots\" content=\"index, follow, max-snippet:-1, max-image-preview:large, max-video-preview:-1\" \/>\n<link rel=\"canonical\" href=\"https:\/\/haydee.es\/en\/product\/re-alessandro-y-palmira-giallo\/\" \/>\n<meta property=\"og:locale\" content=\"en_GB\" \/>\n<meta property=\"og:type\" content=\"article\" \/>\n<meta property=\"og:title\" content=\"PENDIENTES ALESSANDRO Y PALMIRA YELLOW All Sicilian by Hayd\u00e9e | Hand Made %\" \/>\n<meta property=\"og:description\" content=\"All Sicilian by Hayd\u00e9e | Hand Made PENDIENTES ALESSANDRO Y PALMIRA YELLOW -\" \/>\n<meta property=\"og:url\" content=\"https:\/\/haydee.es\/en\/product\/re-alessandro-y-palmira-giallo\/\" \/>\n<meta property=\"og:site_name\" content=\"All Sicilian by Hayd\u00e9e | Hand Made\" \/>\n<meta property=\"article:modified_time\" content=\"2025-12-27T13:30:10+00:00\" \/>\n<meta property=\"og:image\" content=\"https:\/\/haydee.es\/wp-content\/uploads\/2025\/11\/Untitled-design-1.png\" \/>\n\t<meta property=\"og:image:width\" content=\"1080\" \/>\n\t<meta property=\"og:image:height\" content=\"1350\" \/>\n\t<meta property=\"og:image:type\" content=\"image\/png\" \/>\n<meta name=\"twitter:card\" content=\"summary_large_image\" \/>\n<meta name=\"twitter:label1\" content=\"Estimated reading time\" \/>\n\t<meta name=\"twitter:data1\" content=\"1 minute\" \/>\n<script type=\"application\/ld+json\" class=\"yoast-schema-graph\">{\"@context\":\"https:\\\/\\\/schema.org\",\"@graph\":[{\"@type\":\"WebPage\",\"@id\":\"https:\\\/\\\/haydee.es\\\/producto\\\/re-alessandro-y-palmira-giallo\\\/\",\"url\":\"https:\\\/\\\/haydee.es\\\/producto\\\/re-alessandro-y-palmira-giallo\\\/\",\"name\":\"PENDIENTES ALESSANDRO Y PALMIRA YELLOW All Sicilian by Hayd\u00e9e | Hand Made %\",\"isPartOf\":{\"@id\":\"https:\\\/\\\/haydee.es\\\/#website\"},\"primaryImageOfPage\":{\"@id\":\"https:\\\/\\\/haydee.es\\\/producto\\\/re-alessandro-y-palmira-giallo\\\/#primaryimage\"},\"image\":{\"@id\":\"https:\\\/\\\/haydee.es\\\/producto\\\/re-alessandro-y-palmira-giallo\\\/#primaryimage\"},\"thumbnailUrl\":\"https:\\\/\\\/haydee.es\\\/wp-content\\\/uploads\\\/2025\\\/11\\\/Untitled-design-1.png\",\"datePublished\":\"2025-11-24T17:59:42+00:00\",\"dateModified\":\"2025-12-27T13:30:10+00:00\",\"description\":\"All Sicilian by Hayd\u00e9e | Hand Made PENDIENTES ALESSANDRO Y PALMIRA YELLOW -\",\"breadcrumb\":{\"@id\":\"https:\\\/\\\/haydee.es\\\/producto\\\/re-alessandro-y-palmira-giallo\\\/#breadcrumb\"},\"inLanguage\":\"en-GB\",\"potentialAction\":[{\"@type\":\"ReadAction\",\"target\":[\"https:\\\/\\\/haydee.es\\\/producto\\\/re-alessandro-y-palmira-giallo\\\/\"]}]},{\"@type\":\"ImageObject\",\"inLanguage\":\"en-GB\",\"@id\":\"https:\\\/\\\/haydee.es\\\/producto\\\/re-alessandro-y-palmira-giallo\\\/#primaryimage\",\"url\":\"https:\\\/\\\/haydee.es\\\/wp-content\\\/uploads\\\/2025\\\/11\\\/Untitled-design-1.png\",\"contentUrl\":\"https:\\\/\\\/haydee.es\\\/wp-content\\\/uploads\\\/2025\\\/11\\\/Untitled-design-1.png\",\"width\":1080,\"height\":1350,\"caption\":\"Untitled design 1\"},{\"@type\":\"BreadcrumbList\",\"@id\":\"https:\\\/\\\/haydee.es\\\/producto\\\/re-alessandro-y-palmira-giallo\\\/#breadcrumb\",\"itemListElement\":[{\"@type\":\"ListItem\",\"position\":1,\"name\":\"Portada\",\"item\":\"https:\\\/\\\/haydee.es\\\/\"},{\"@type\":\"ListItem\",\"position\":2,\"name\":\"Tienda\",\"item\":\"https:\\\/\\\/haydee.es\\\/tienda\\\/\"},{\"@type\":\"ListItem\",\"position\":3,\"name\":\"PENDIENTES ALESSANDRO Y PALMIRA YELLOW\"}]},{\"@type\":\"WebSite\",\"@id\":\"https:\\\/\\\/haydee.es\\\/#website\",\"url\":\"https:\\\/\\\/haydee.es\\\/\",\"name\":\"All Sicilian by Hayd\u00e9e | Hand Made\",\"description\":\"Joyer\u00eda artesanal con piezas \u00fanicas\",\"publisher\":{\"@id\":\"https:\\\/\\\/haydee.es\\\/#organization\"},\"potentialAction\":[{\"@type\":\"SearchAction\",\"target\":{\"@type\":\"EntryPoint\",\"urlTemplate\":\"https:\\\/\\\/haydee.es\\\/?s={search_term_string}\"},\"query-input\":{\"@type\":\"PropertyValueSpecification\",\"valueRequired\":true,\"valueName\":\"search_term_string\"}}],\"inLanguage\":\"en-GB\"},{\"@type\":\"Organization\",\"@id\":\"https:\\\/\\\/haydee.es\\\/#organization\",\"name\":\"All Sicilian by Hayd\u00e9e | Hand Made\",\"url\":\"https:\\\/\\\/haydee.es\\\/\",\"logo\":{\"@type\":\"ImageObject\",\"inLanguage\":\"en-GB\",\"@id\":\"https:\\\/\\\/haydee.es\\\/#\\\/schema\\\/logo\\\/image\\\/\",\"url\":\"https:\\\/\\\/haydee.es\\\/wp-content\\\/uploads\\\/2025\\\/07\\\/logo-de-all-sicilian-hand-made-haydee.jpeg\",\"contentUrl\":\"https:\\\/\\\/haydee.es\\\/wp-content\\\/uploads\\\/2025\\\/07\\\/logo-de-all-sicilian-hand-made-haydee.jpeg\",\"width\":1440,\"height\":840,\"caption\":\"All Sicilian by Hayd\u00e9e | Hand Made\"},\"image\":{\"@id\":\"https:\\\/\\\/haydee.es\\\/#\\\/schema\\\/logo\\\/image\\\/\"}}]}<\/script>\n<!-- \/ Yoast SEO plugin. -->","yoast_head_json":{"title":"PENDIENTES ALESSANDRO Y PALMIRA YELLOW All Sicilian by Hayd\u00e9e | Hand Made %","description":"All Sicilian by Hayd\u00e9e | Hand Made PENDIENTES ALESSANDRO Y PALMIRA YELLOW -","robots":{"index":"index","follow":"follow","max-snippet":"max-snippet:-1","max-image-preview":"max-image-preview:large","max-video-preview":"max-video-preview:-1"},"canonical":"https:\/\/haydee.es\/en\/product\/re-alessandro-y-palmira-giallo\/","og_locale":"en_GB","og_type":"article","og_title":"PENDIENTES ALESSANDRO Y PALMIRA YELLOW All Sicilian by Hayd\u00e9e | Hand Made %","og_description":"All Sicilian by Hayd\u00e9e | Hand Made PENDIENTES ALESSANDRO Y PALMIRA YELLOW -","og_url":"https:\/\/haydee.es\/en\/product\/re-alessandro-y-palmira-giallo\/","og_site_name":"All Sicilian by Hayd\u00e9e | Hand Made","article_modified_time":"2025-12-27T13:30:10+00:00","og_image":[{"width":1080,"height":1350,"url":"https:\/\/haydee.es\/wp-content\/uploads\/2025\/11\/Untitled-design-1.png","type":"image\/png"}],"twitter_card":"summary_large_image","twitter_misc":{"Estimated reading time":"1 minute"},"schema":{"@context":"https:\/\/schema.org","@graph":[{"@type":"WebPage","@id":"https:\/\/haydee.es\/producto\/re-alessandro-y-palmira-giallo\/","url":"https:\/\/haydee.es\/producto\/re-alessandro-y-palmira-giallo\/","name":"PENDIENTES ALESSANDRO Y PALMIRA YELLOW All Sicilian by Hayd\u00e9e | Hand Made %","isPartOf":{"@id":"https:\/\/haydee.es\/#website"},"primaryImageOfPage":{"@id":"https:\/\/haydee.es\/producto\/re-alessandro-y-palmira-giallo\/#primaryimage"},"image":{"@id":"https:\/\/haydee.es\/producto\/re-alessandro-y-palmira-giallo\/#primaryimage"},"thumbnailUrl":"https:\/\/haydee.es\/wp-content\/uploads\/2025\/11\/Untitled-design-1.png","datePublished":"2025-11-24T17:59:42+00:00","dateModified":"2025-12-27T13:30:10+00:00","description":"All Sicilian by Hayd\u00e9e | Hand Made PENDIENTES ALESSANDRO Y PALMIRA YELLOW -","breadcrumb":{"@id":"https:\/\/haydee.es\/producto\/re-alessandro-y-palmira-giallo\/#breadcrumb"},"inLanguage":"en-GB","potentialAction":[{"@type":"ReadAction","target":["https:\/\/haydee.es\/producto\/re-alessandro-y-palmira-giallo\/"]}]},{"@type":"ImageObject","inLanguage":"en-GB","@id":"https:\/\/haydee.es\/producto\/re-alessandro-y-palmira-giallo\/#primaryimage","url":"https:\/\/haydee.es\/wp-content\/uploads\/2025\/11\/Untitled-design-1.png","contentUrl":"https:\/\/haydee.es\/wp-content\/uploads\/2025\/11\/Untitled-design-1.png","width":1080,"height":1350,"caption":"Untitled design 1"},{"@type":"BreadcrumbList","@id":"https:\/\/haydee.es\/producto\/re-alessandro-y-palmira-giallo\/#breadcrumb","itemListElement":[{"@type":"ListItem","position":1,"name":"Portada","item":"https:\/\/haydee.es\/"},{"@type":"ListItem","position":2,"name":"Tienda","item":"https:\/\/haydee.es\/tienda\/"},{"@type":"ListItem","position":3,"name":"PENDIENTES ALESSANDRO Y PALMIRA YELLOW"}]},{"@type":"WebSite","@id":"https:\/\/haydee.es\/#website","url":"https:\/\/haydee.es\/","name":"All Sicilian by Hayd\u00e9e | Hand Made","description":"Joyer\u00eda artesanal con piezas \u00fanicas","publisher":{"@id":"https:\/\/haydee.es\/#organization"},"potentialAction":[{"@type":"SearchAction","target":{"@type":"EntryPoint","urlTemplate":"https:\/\/haydee.es\/?s={search_term_string}"},"query-input":{"@type":"PropertyValueSpecification","valueRequired":true,"valueName":"search_term_string"}}],"inLanguage":"en-GB"},{"@type":"Organization","@id":"https:\/\/haydee.es\/#organization","name":"All Sicilian by Hayd\u00e9e | Hand Made","url":"https:\/\/haydee.es\/","logo":{"@type":"ImageObject","inLanguage":"en-GB","@id":"https:\/\/haydee.es\/#\/schema\/logo\/image\/","url":"https:\/\/haydee.es\/wp-content\/uploads\/2025\/07\/logo-de-all-sicilian-hand-made-haydee.jpeg","contentUrl":"https:\/\/haydee.es\/wp-content\/uploads\/2025\/07\/logo-de-all-sicilian-hand-made-haydee.jpeg","width":1440,"height":840,"caption":"All Sicilian by Hayd\u00e9e | Hand Made"},"image":{"@id":"https:\/\/haydee.es\/#\/schema\/logo\/image\/"}}]}},"_links":{"self":[{"href":"https:\/\/haydee.es\/en\/wp-json\/wp\/v2\/product\/2298","targetHints":{"allow":["GET"]}}],"collection":[{"href":"https:\/\/haydee.es\/en\/wp-json\/wp\/v2\/product"}],"about":[{"href":"https:\/\/haydee.es\/en\/wp-json\/wp\/v2\/types\/product"}],"replies":[{"embeddable":true,"href":"https:\/\/haydee.es\/en\/wp-json\/wp\/v2\/comments?post=2298"}],"wp:featuredmedia":[{"embeddable":true,"href":"https:\/\/haydee.es\/en\/wp-json\/wp\/v2\/media\/2299"}],"wp:attachment":[{"href":"https:\/\/haydee.es\/en\/wp-json\/wp\/v2\/media?parent=2298"}],"wp:term":[{"taxonomy":"product_brand","embeddable":true,"href":"https:\/\/haydee.es\/en\/wp-json\/wp\/v2\/product_brand?post=2298"},{"taxonomy":"product_cat","embeddable":true,"href":"https:\/\/haydee.es\/en\/wp-json\/wp\/v2\/product_cat?post=2298"},{"taxonomy":"product_tag","embeddable":true,"href":"https:\/\/haydee.es\/en\/wp-json\/wp\/v2\/product_tag?post=2298"}],"curies":[{"name":"wp","href":"https:\/\/api.w.org\/{rel}","templated":true}]}}