{"id":1699,"date":"2025-08-04T09:14:55","date_gmt":"2025-08-04T07:14:55","guid":{"rendered":"https:\/\/haydee.es\/producto\/collar-re-filippo-federico-rosa\/"},"modified":"2025-12-20T16:40:48","modified_gmt":"2025-12-20T15:40:48","slug":"collar-re-filippo-federico","status":"publish","type":"product","link":"https:\/\/haydee.es\/en\/product\/collar-re-filippo-federico\/","title":{"rendered":"COLLAR REY FILIPPO FEDERICO"},"content":{"rendered":"<p>Collar del rey Filippo Federico en tonos rosas, muy agradables. El rey tiene una cascada de piedras como terminaci\u00f3n en los mismos tonos lilas rosados. La cadena est\u00e1 realizada con cuentas de piedras semipreciosas y perlas naturales.\u00a0 Es de color dorado y tiene cierre por lo que puede utilizarse junto con el colgante o por separado; larga o con doble vuelta.<\/p>\n<p>Medida del colgante: 7 cm de largo por 3 cm de ancho.<\/p>\n<p>Medida de la cadena: 1 metro de largo.<\/p>","protected":false},"excerpt":{"rendered":"<p>Long handmade ceramic necklace<\/p>","protected":false},"featured_media":1771,"comment_status":"open","ping_status":"closed","template":"","meta":{"_joinchat":[]},"product_brand":[],"product_cat":[92,90,86],"product_tag":[],"class_list":{"0":"post-1699","1":"product","2":"type-product","3":"status-publish","4":"has-post-thumbnail","6":"product_cat-collares","7":"product_cat-tematicas","8":"product_cat-testa-di-moro","10":"first","11":"instock","12":"taxable","13":"shipping-taxable","14":"purchasable","15":"product-type-simple"},"yoast_head":"<!-- This site is optimized with the Yoast SEO plugin v27.3 - https:\/\/yoast.com\/product\/yoast-seo-wordpress\/ -->\n<title>COLLAR REY FILIPPO FEDERICO - All Sicilian by Hayd\u00e9e | Hand Made<\/title>\n<meta name=\"description\" content=\"Collar del rey Filippo Federico en tonos rosas, muy agradables. El rey tiene una cascada de piedras como terminaci\u00f3n en los mismos tonos lilas rosados. La cadena est\u00e1 realizada con cuentas de piedras semipreciosas y perlas naturales.\u00a0 Es de color dorado y tiene cierre por lo que puede utilizarse junto con el colgante o por separado; larga o con doble vuelta.\u00a0Medida del colgante: 7 cm de largo por 3 cm de ancho.\u00a0Medida de la cadena: 1 metro de largo.\u00a0\" \/>\n<meta name=\"robots\" content=\"index, follow, max-snippet:-1, max-image-preview:large, max-video-preview:-1\" \/>\n<link rel=\"canonical\" href=\"https:\/\/haydee.es\/en\/product\/collar-re-filippo-federico\/\" \/>\n<meta property=\"og:locale\" content=\"en_GB\" \/>\n<meta property=\"og:type\" content=\"article\" \/>\n<meta property=\"og:title\" content=\"COLLAR REY FILIPPO FEDERICO - All Sicilian by Hayd\u00e9e | Hand Made\" \/>\n<meta property=\"og:description\" content=\"Collar del rey Filippo Federico en tonos rosas, muy agradables. El rey tiene una cascada de piedras como terminaci\u00f3n en los mismos tonos lilas rosados. La cadena est\u00e1 realizada con cuentas de piedras semipreciosas y perlas naturales.\u00a0 Es de color dorado y tiene cierre por lo que puede utilizarse junto con el colgante o por separado; larga o con doble vuelta.\u00a0Medida del colgante: 7 cm de largo por 3 cm de ancho.\u00a0Medida de la cadena: 1 metro de largo.\u00a0\" \/>\n<meta property=\"og:url\" content=\"https:\/\/haydee.es\/en\/product\/collar-re-filippo-federico\/\" \/>\n<meta property=\"og:site_name\" content=\"All Sicilian by Hayd\u00e9e | Hand Made\" \/>\n<meta property=\"article:modified_time\" content=\"2025-12-20T15:40:48+00:00\" \/>\n<meta property=\"og:image\" content=\"https:\/\/haydee.es\/wp-content\/uploads\/2025\/08\/COLLAR-RE-FILIPPO-FEDERICO-ROSA-scaled.png\" \/>\n\t<meta property=\"og:image:width\" content=\"1920\" \/>\n\t<meta property=\"og:image:height\" content=\"2560\" \/>\n\t<meta property=\"og:image:type\" content=\"image\/png\" \/>\n<meta name=\"twitter:card\" content=\"summary_large_image\" \/>\n<meta name=\"twitter:label1\" content=\"Estimated reading time\" \/>\n\t<meta name=\"twitter:data1\" content=\"1 minute\" \/>\n<script type=\"application\/ld+json\" class=\"yoast-schema-graph\">{\"@context\":\"https:\\\/\\\/schema.org\",\"@graph\":[{\"@type\":\"WebPage\",\"@id\":\"https:\\\/\\\/haydee.es\\\/producto\\\/collar-re-filippo-federico\\\/\",\"url\":\"https:\\\/\\\/haydee.es\\\/producto\\\/collar-re-filippo-federico\\\/\",\"name\":\"COLLAR REY FILIPPO FEDERICO - All Sicilian by Hayd\u00e9e | Hand Made\",\"isPartOf\":{\"@id\":\"https:\\\/\\\/haydee.es\\\/#website\"},\"primaryImageOfPage\":{\"@id\":\"https:\\\/\\\/haydee.es\\\/producto\\\/collar-re-filippo-federico\\\/#primaryimage\"},\"image\":{\"@id\":\"https:\\\/\\\/haydee.es\\\/producto\\\/collar-re-filippo-federico\\\/#primaryimage\"},\"thumbnailUrl\":\"https:\\\/\\\/haydee.es\\\/wp-content\\\/uploads\\\/2025\\\/08\\\/COLLAR-RE-FILIPPO-FEDERICO-ROSA-scaled.png\",\"datePublished\":\"2025-08-04T07:14:55+00:00\",\"dateModified\":\"2025-12-20T15:40:48+00:00\",\"description\":\"Collar del rey Filippo Federico en tonos rosas, muy agradables. El rey tiene una cascada de piedras como terminaci\u00f3n en los mismos tonos lilas rosados. La cadena est\u00e1 realizada con cuentas de piedras semipreciosas y perlas naturales.\u00a0 Es de color dorado y tiene cierre por lo que puede utilizarse junto con el colgante o por separado; larga o con doble vuelta.\u00a0Medida del colgante: 7 cm de largo por 3 cm de ancho.\u00a0Medida de la cadena: 1 metro de largo.\u00a0\",\"breadcrumb\":{\"@id\":\"https:\\\/\\\/haydee.es\\\/producto\\\/collar-re-filippo-federico\\\/#breadcrumb\"},\"inLanguage\":\"en-GB\",\"potentialAction\":[{\"@type\":\"ReadAction\",\"target\":[\"https:\\\/\\\/haydee.es\\\/producto\\\/collar-re-filippo-federico\\\/\"]}]},{\"@type\":\"ImageObject\",\"inLanguage\":\"en-GB\",\"@id\":\"https:\\\/\\\/haydee.es\\\/producto\\\/collar-re-filippo-federico\\\/#primaryimage\",\"url\":\"https:\\\/\\\/haydee.es\\\/wp-content\\\/uploads\\\/2025\\\/08\\\/COLLAR-RE-FILIPPO-FEDERICO-ROSA-scaled.png\",\"contentUrl\":\"https:\\\/\\\/haydee.es\\\/wp-content\\\/uploads\\\/2025\\\/08\\\/COLLAR-RE-FILIPPO-FEDERICO-ROSA-scaled.png\",\"width\":1920,\"height\":2560,\"caption\":\"COLLAR RE FILIPPO FEDERICO ROSA scaled\"},{\"@type\":\"BreadcrumbList\",\"@id\":\"https:\\\/\\\/haydee.es\\\/producto\\\/collar-re-filippo-federico\\\/#breadcrumb\",\"itemListElement\":[{\"@type\":\"ListItem\",\"position\":1,\"name\":\"Portada\",\"item\":\"https:\\\/\\\/haydee.es\\\/\"},{\"@type\":\"ListItem\",\"position\":2,\"name\":\"Tienda\",\"item\":\"https:\\\/\\\/haydee.es\\\/tienda\\\/\"},{\"@type\":\"ListItem\",\"position\":3,\"name\":\"COLLAR REY FILIPPO FEDERICO\"}]},{\"@type\":\"WebSite\",\"@id\":\"https:\\\/\\\/haydee.es\\\/#website\",\"url\":\"https:\\\/\\\/haydee.es\\\/\",\"name\":\"All Sicilian by Hayd\u00e9e | Hand Made\",\"description\":\"Joyer\u00eda artesanal con piezas \u00fanicas\",\"publisher\":{\"@id\":\"https:\\\/\\\/haydee.es\\\/#organization\"},\"potentialAction\":[{\"@type\":\"SearchAction\",\"target\":{\"@type\":\"EntryPoint\",\"urlTemplate\":\"https:\\\/\\\/haydee.es\\\/?s={search_term_string}\"},\"query-input\":{\"@type\":\"PropertyValueSpecification\",\"valueRequired\":true,\"valueName\":\"search_term_string\"}}],\"inLanguage\":\"en-GB\"},{\"@type\":\"Organization\",\"@id\":\"https:\\\/\\\/haydee.es\\\/#organization\",\"name\":\"All Sicilian by Hayd\u00e9e | Hand Made\",\"url\":\"https:\\\/\\\/haydee.es\\\/\",\"logo\":{\"@type\":\"ImageObject\",\"inLanguage\":\"en-GB\",\"@id\":\"https:\\\/\\\/haydee.es\\\/#\\\/schema\\\/logo\\\/image\\\/\",\"url\":\"https:\\\/\\\/haydee.es\\\/wp-content\\\/uploads\\\/2025\\\/07\\\/logo-de-all-sicilian-hand-made-haydee.jpeg\",\"contentUrl\":\"https:\\\/\\\/haydee.es\\\/wp-content\\\/uploads\\\/2025\\\/07\\\/logo-de-all-sicilian-hand-made-haydee.jpeg\",\"width\":1440,\"height\":840,\"caption\":\"All Sicilian by Hayd\u00e9e | Hand Made\"},\"image\":{\"@id\":\"https:\\\/\\\/haydee.es\\\/#\\\/schema\\\/logo\\\/image\\\/\"}}]}<\/script>\n<!-- \/ Yoast SEO plugin. -->","yoast_head_json":{"title":"COLLAR REY FILIPPO FEDERICO - All Sicilian by Hayd\u00e9e | Hand Made","description":"Collar del rey Filippo Federico en tonos rosas, muy agradables. El rey tiene una cascada de piedras como terminaci\u00f3n en los mismos tonos lilas rosados. La cadena est\u00e1 realizada con cuentas de piedras semipreciosas y perlas naturales.\u00a0 Es de color dorado y tiene cierre por lo que puede utilizarse junto con el colgante o por separado; larga o con doble vuelta.\u00a0Medida del colgante: 7 cm de largo por 3 cm de ancho.\u00a0Medida de la cadena: 1 metro de largo.\u00a0","robots":{"index":"index","follow":"follow","max-snippet":"max-snippet:-1","max-image-preview":"max-image-preview:large","max-video-preview":"max-video-preview:-1"},"canonical":"https:\/\/haydee.es\/en\/product\/collar-re-filippo-federico\/","og_locale":"en_GB","og_type":"article","og_title":"COLLAR REY FILIPPO FEDERICO - All Sicilian by Hayd\u00e9e | Hand Made","og_description":"Collar del rey Filippo Federico en tonos rosas, muy agradables. El rey tiene una cascada de piedras como terminaci\u00f3n en los mismos tonos lilas rosados. La cadena est\u00e1 realizada con cuentas de piedras semipreciosas y perlas naturales.\u00a0 Es de color dorado y tiene cierre por lo que puede utilizarse junto con el colgante o por separado; larga o con doble vuelta.\u00a0Medida del colgante: 7 cm de largo por 3 cm de ancho.\u00a0Medida de la cadena: 1 metro de largo.\u00a0","og_url":"https:\/\/haydee.es\/en\/product\/collar-re-filippo-federico\/","og_site_name":"All Sicilian by Hayd\u00e9e | Hand Made","article_modified_time":"2025-12-20T15:40:48+00:00","og_image":[{"width":1920,"height":2560,"url":"https:\/\/haydee.es\/wp-content\/uploads\/2025\/08\/COLLAR-RE-FILIPPO-FEDERICO-ROSA-scaled.png","type":"image\/png"}],"twitter_card":"summary_large_image","twitter_misc":{"Estimated reading time":"1 minute"},"schema":{"@context":"https:\/\/schema.org","@graph":[{"@type":"WebPage","@id":"https:\/\/haydee.es\/producto\/collar-re-filippo-federico\/","url":"https:\/\/haydee.es\/producto\/collar-re-filippo-federico\/","name":"COLLAR REY FILIPPO FEDERICO - All Sicilian by Hayd\u00e9e | Hand Made","isPartOf":{"@id":"https:\/\/haydee.es\/#website"},"primaryImageOfPage":{"@id":"https:\/\/haydee.es\/producto\/collar-re-filippo-federico\/#primaryimage"},"image":{"@id":"https:\/\/haydee.es\/producto\/collar-re-filippo-federico\/#primaryimage"},"thumbnailUrl":"https:\/\/haydee.es\/wp-content\/uploads\/2025\/08\/COLLAR-RE-FILIPPO-FEDERICO-ROSA-scaled.png","datePublished":"2025-08-04T07:14:55+00:00","dateModified":"2025-12-20T15:40:48+00:00","description":"Collar del rey Filippo Federico en tonos rosas, muy agradables. El rey tiene una cascada de piedras como terminaci\u00f3n en los mismos tonos lilas rosados. La cadena est\u00e1 realizada con cuentas de piedras semipreciosas y perlas naturales.\u00a0 Es de color dorado y tiene cierre por lo que puede utilizarse junto con el colgante o por separado; larga o con doble vuelta.\u00a0Medida del colgante: 7 cm de largo por 3 cm de ancho.\u00a0Medida de la cadena: 1 metro de largo.\u00a0","breadcrumb":{"@id":"https:\/\/haydee.es\/producto\/collar-re-filippo-federico\/#breadcrumb"},"inLanguage":"en-GB","potentialAction":[{"@type":"ReadAction","target":["https:\/\/haydee.es\/producto\/collar-re-filippo-federico\/"]}]},{"@type":"ImageObject","inLanguage":"en-GB","@id":"https:\/\/haydee.es\/producto\/collar-re-filippo-federico\/#primaryimage","url":"https:\/\/haydee.es\/wp-content\/uploads\/2025\/08\/COLLAR-RE-FILIPPO-FEDERICO-ROSA-scaled.png","contentUrl":"https:\/\/haydee.es\/wp-content\/uploads\/2025\/08\/COLLAR-RE-FILIPPO-FEDERICO-ROSA-scaled.png","width":1920,"height":2560,"caption":"COLLAR RE FILIPPO FEDERICO ROSA scaled"},{"@type":"BreadcrumbList","@id":"https:\/\/haydee.es\/producto\/collar-re-filippo-federico\/#breadcrumb","itemListElement":[{"@type":"ListItem","position":1,"name":"Portada","item":"https:\/\/haydee.es\/"},{"@type":"ListItem","position":2,"name":"Tienda","item":"https:\/\/haydee.es\/tienda\/"},{"@type":"ListItem","position":3,"name":"COLLAR REY FILIPPO FEDERICO"}]},{"@type":"WebSite","@id":"https:\/\/haydee.es\/#website","url":"https:\/\/haydee.es\/","name":"All Sicilian by Hayd\u00e9e | Hand Made","description":"Joyer\u00eda artesanal con piezas \u00fanicas","publisher":{"@id":"https:\/\/haydee.es\/#organization"},"potentialAction":[{"@type":"SearchAction","target":{"@type":"EntryPoint","urlTemplate":"https:\/\/haydee.es\/?s={search_term_string}"},"query-input":{"@type":"PropertyValueSpecification","valueRequired":true,"valueName":"search_term_string"}}],"inLanguage":"en-GB"},{"@type":"Organization","@id":"https:\/\/haydee.es\/#organization","name":"All Sicilian by Hayd\u00e9e | Hand Made","url":"https:\/\/haydee.es\/","logo":{"@type":"ImageObject","inLanguage":"en-GB","@id":"https:\/\/haydee.es\/#\/schema\/logo\/image\/","url":"https:\/\/haydee.es\/wp-content\/uploads\/2025\/07\/logo-de-all-sicilian-hand-made-haydee.jpeg","contentUrl":"https:\/\/haydee.es\/wp-content\/uploads\/2025\/07\/logo-de-all-sicilian-hand-made-haydee.jpeg","width":1440,"height":840,"caption":"All Sicilian by Hayd\u00e9e | Hand Made"},"image":{"@id":"https:\/\/haydee.es\/#\/schema\/logo\/image\/"}}]}},"_links":{"self":[{"href":"https:\/\/haydee.es\/en\/wp-json\/wp\/v2\/product\/1699","targetHints":{"allow":["GET"]}}],"collection":[{"href":"https:\/\/haydee.es\/en\/wp-json\/wp\/v2\/product"}],"about":[{"href":"https:\/\/haydee.es\/en\/wp-json\/wp\/v2\/types\/product"}],"replies":[{"embeddable":true,"href":"https:\/\/haydee.es\/en\/wp-json\/wp\/v2\/comments?post=1699"}],"wp:featuredmedia":[{"embeddable":true,"href":"https:\/\/haydee.es\/en\/wp-json\/wp\/v2\/media\/1771"}],"wp:attachment":[{"href":"https:\/\/haydee.es\/en\/wp-json\/wp\/v2\/media?parent=1699"}],"wp:term":[{"taxonomy":"product_brand","embeddable":true,"href":"https:\/\/haydee.es\/en\/wp-json\/wp\/v2\/product_brand?post=1699"},{"taxonomy":"product_cat","embeddable":true,"href":"https:\/\/haydee.es\/en\/wp-json\/wp\/v2\/product_cat?post=1699"},{"taxonomy":"product_tag","embeddable":true,"href":"https:\/\/haydee.es\/en\/wp-json\/wp\/v2\/product_tag?post=1699"}],"curies":[{"name":"wp","href":"https:\/\/api.w.org\/{rel}","templated":true}]}}